{"id":728,"date":"2023-11-29T09:39:35","date_gmt":"2023-11-29T09:39:35","guid":{"rendered":"https:\/\/elcellerdelujan.com\/?page_id=728"},"modified":"2024-03-06T17:08:59","modified_gmt":"2024-03-06T17:08:59","slug":"bodegas-mazuela","status":"publish","type":"page","link":"https:\/\/elcellerdelujan.com\/index.php\/bodegas-mazuela\/","title":{"rendered":"Bodegas Mazuela"},"content":{"rendered":"\t\t<div data-elementor-type=\"wp-page\" data-elementor-id=\"728\" class=\"elementor elementor-728\">\n\t\t\t\t<div class=\"elementor-element elementor-element-a9dd9dc e-flex e-con-boxed e-con e-parent\" data-id=\"a9dd9dc\" data-element_type=\"container\" data-e-type=\"container\">\n\t\t\t\t\t<div class=\"e-con-inner\">\n\t\t\t\t<div class=\"elementor-element elementor-element-5cc38b9 elementor-widget elementor-widget-image\" data-id=\"5cc38b9\" data-element_type=\"widget\" data-e-type=\"widget\" data-widget_type=\"image.default\">\n\t\t\t\t<div class=\"elementor-widget-container\">\n\t\t\t\t\t\t\t\t\t\t\t\t\t\t\t<img fetchpriority=\"high\" decoding=\"async\" width=\"300\" height=\"300\" src=\"https:\/\/elcellerdelujan.com\/wp-content\/uploads\/2024\/02\/Diseno-sin-titulo-6-300x300.png\" class=\"attachment-medium size-medium wp-image-2276\" alt=\"bodega de vinos mazuela\" srcset=\"https:\/\/elcellerdelujan.com\/wp-content\/uploads\/2024\/02\/Diseno-sin-titulo-6-300x300.png 300w, https:\/\/elcellerdelujan.com\/wp-content\/uploads\/2024\/02\/Diseno-sin-titulo-6-1024x1024.png 1024w, https:\/\/elcellerdelujan.com\/wp-content\/uploads\/2024\/02\/Diseno-sin-titulo-6-150x150.png 150w, https:\/\/elcellerdelujan.com\/wp-content\/uploads\/2024\/02\/Diseno-sin-titulo-6-768x768.png 768w, https:\/\/elcellerdelujan.com\/wp-content\/uploads\/2024\/02\/Diseno-sin-titulo-6-600x600.png 600w, https:\/\/elcellerdelujan.com\/wp-content\/uploads\/2024\/02\/Diseno-sin-titulo-6-100x100.png 100w, https:\/\/elcellerdelujan.com\/wp-content\/uploads\/2024\/02\/Diseno-sin-titulo-6.png 1080w\" sizes=\"(max-width: 300px) 100vw, 300px\" \/>\t\t\t\t\t\t\t\t\t\t\t\t\t\t\t<\/div>\n\t\t\t\t<\/div>\n\t\t\t\t\t<\/div>\n\t\t\t\t<\/div>\n\t\t<div class=\"elementor-element elementor-element-2cb87fd e-flex e-con-boxed e-con e-parent\" data-id=\"2cb87fd\" data-element_type=\"container\" data-e-type=\"container\">\n\t\t\t\t\t<div class=\"e-con-inner\">\n\t\t<div class=\"elementor-element elementor-element-caaf9bf e-con-full e-flex e-con e-child\" data-id=\"caaf9bf\" data-element_type=\"container\" data-e-type=\"container\" data-settings=\"{&quot;background_background&quot;:&quot;classic&quot;}\">\n\t\t<div class=\"elementor-element elementor-element-4698010 e-flex e-con-boxed e-con e-child\" data-id=\"4698010\" data-element_type=\"container\" data-e-type=\"container\" data-settings=\"{&quot;background_background&quot;:&quot;classic&quot;}\">\n\t\t\t\t\t<div class=\"e-con-inner\">\n\t\t\t\t<div class=\"elementor-element elementor-element-3b39c26 elementor-widget elementor-widget-image\" data-id=\"3b39c26\" data-element_type=\"widget\" data-e-type=\"widget\" data-widget_type=\"image.default\">\n\t\t\t\t<div class=\"elementor-widget-container\">\n\t\t\t\t\t\t\t\t\t\t\t\t\t\t\t<img decoding=\"async\" width=\"1024\" height=\"684\" src=\"https:\/\/elcellerdelujan.com\/wp-content\/uploads\/2024\/01\/pexels-mark-stebnicki-8287370-scaled-1-1024x684.jpg\" class=\"attachment-large size-large wp-image-1695\" alt=\"\" srcset=\"https:\/\/elcellerdelujan.com\/wp-content\/uploads\/2024\/01\/pexels-mark-stebnicki-8287370-scaled-1-1024x684.jpg 1024w, https:\/\/elcellerdelujan.com\/wp-content\/uploads\/2024\/01\/pexels-mark-stebnicki-8287370-scaled-1-300x200.jpg 300w, https:\/\/elcellerdelujan.com\/wp-content\/uploads\/2024\/01\/pexels-mark-stebnicki-8287370-scaled-1-768x513.jpg 768w, https:\/\/elcellerdelujan.com\/wp-content\/uploads\/2024\/01\/pexels-mark-stebnicki-8287370-scaled-1-1536x1026.jpg 1536w, https:\/\/elcellerdelujan.com\/wp-content\/uploads\/2024\/01\/pexels-mark-stebnicki-8287370-scaled-1-2048x1368.jpg 2048w, https:\/\/elcellerdelujan.com\/wp-content\/uploads\/2024\/01\/pexels-mark-stebnicki-8287370-scaled-1-1320x882.jpg 1320w, https:\/\/elcellerdelujan.com\/wp-content\/uploads\/2024\/01\/pexels-mark-stebnicki-8287370-scaled-1-600x401.jpg 600w\" sizes=\"(max-width: 1024px) 100vw, 1024px\" \/>\t\t\t\t\t\t\t\t\t\t\t\t\t\t\t<\/div>\n\t\t\t\t<\/div>\n\t\t\t\t\t<\/div>\n\t\t\t\t<\/div>\n\t\t\t\t<div class=\"elementor-element elementor-element-9fcef6d elementor-widget elementor-widget-text-editor\" data-id=\"9fcef6d\" data-element_type=\"widget\" data-e-type=\"widget\" data-widget_type=\"text-editor.default\">\n\t\t\t\t<div class=\"elementor-widget-container\">\n\t\t\t\t\t\t\t\t\t<div class=\"wpb_text_column wpb_content_element h3-home text1-home\"><div class=\"wpb_wrapper\"><h2 style=\"text-align: center;\"><span style=\"color: #993300;\">La vendimia<\/span><\/h2><\/div><\/div><div class=\"wpb_text_column wpb_content_element text-intro-home\"><div class=\"wpb_wrapper\"><h6><strong>Una vendimia tradicional para una uva perfecta en La Rioja Alta<\/strong>.<\/h6><p><strong>La vendimia es un momento muy especial, donde esperamos ansiosos recoger el fruto de todo un a\u00f1o de trabajo y dedicaci\u00f3n. Un momento de celebraci\u00f3n, de amigos, de familia\u2026 Esperando compartir cada racimo recogido con esfuerzo, cada almuerzo mirando al cielo<\/strong>.<\/p><h6><strong>Un momento de alegr\u00eda<\/strong>, donde da comienzo el resultado de nuestros vinos.<\/h6><p>Por eso en Bodegas Mazuela tratamos nuestra uva con mucho mimo, ya que <strong>el secreto de un buen vino, es una buena uva<\/strong>.<\/p><h6><strong>Recolectamos a mano<\/strong> en cajas de 19 kg. para que la uva no sufra y llegue a la bodega intacta.<\/h6><\/div><\/div>\t\t\t\t\t\t\t\t<\/div>\n\t\t\t\t<\/div>\n\t\t\t\t<\/div>\n\t\t<div class=\"elementor-element elementor-element-af6b0cf e-con-full e-flex e-con e-child\" data-id=\"af6b0cf\" data-element_type=\"container\" data-e-type=\"container\">\n\t\t\t\t<div class=\"elementor-element elementor-element-fbb74fc elementor-widget elementor-widget-image\" data-id=\"fbb74fc\" data-element_type=\"widget\" data-e-type=\"widget\" data-widget_type=\"image.default\">\n\t\t\t\t<div class=\"elementor-widget-container\">\n\t\t\t\t\t\t\t\t\t\t\t\t\t\t\t<img decoding=\"async\" src=\"https:\/\/elcellerdelujan.com\/wp-content\/uploads\/2024\/01\/Captura-de-pantalla-2023-11-29-a-las-10.13.54-2.png\" title=\"\" alt=\"\" loading=\"lazy\" \/>\t\t\t\t\t\t\t\t\t\t\t\t\t\t\t<\/div>\n\t\t\t\t<\/div>\n\t\t\t\t<\/div>\n\t\t\t\t\t<\/div>\n\t\t\t\t<\/div>\n\t\t\t\t<\/div>\n\t\t","protected":false},"excerpt":{"rendered":"<p>La vendimia Una vendimia tradicional para una uva perfecta en La Rioja Alta. La vendimia es un momento muy especial, donde esperamos ansiosos recoger el fruto de todo un a\u00f1o de trabajo y dedicaci\u00f3n. Un momento de celebraci\u00f3n, de amigos, de familia\u2026 Esperando compartir cada racimo recogido con esfuerzo, cada almuerzo mirando al cielo. Un [&hellip;]<\/p>\n","protected":false},"author":1,"featured_media":0,"parent":0,"menu_order":0,"comment_status":"closed","ping_status":"closed","template":"","meta":{"site-sidebar-layout":"no-sidebar","site-content-layout":"","ast-site-content-layout":"full-width-container","site-content-style":"default","site-sidebar-style":"default","ast-global-header-display":"","ast-banner-title-visibility":"","ast-main-header-display":"","ast-hfb-above-header-display":"","ast-hfb-below-header-display":"","ast-hfb-mobile-header-display":"","site-post-title":"disabled","ast-breadcrumbs-content":"","ast-featured-img":"disabled","footer-sml-layout":"","ast-disable-related-posts":"","theme-transparent-header-meta":"","adv-header-id-meta":"","stick-header-meta":"","header-above-stick-meta":"","header-main-stick-meta":"","header-below-stick-meta":"","astra-migrate-meta-layouts":"default","ast-page-background-enabled":"default","ast-page-background-meta":{"desktop":{"background-color":"var(--ast-global-color-4)","background-image":"","background-repeat":"repeat","background-position":"center center","background-size":"auto","background-attachment":"scroll","background-type":"","background-media":"","overlay-type":"","overlay-color":"","overlay-opacity":"","overlay-gradient":""},"tablet":{"background-color":"","background-image":"","background-repeat":"repeat","background-position":"center center","background-size":"auto","background-attachment":"scroll","background-type":"","background-media":"","overlay-type":"","overlay-color":"","overlay-opacity":"","overlay-gradient":""},"mobile":{"background-color":"","background-image":"","background-repeat":"repeat","background-position":"center center","background-size":"auto","background-attachment":"scroll","background-type":"","background-media":"","overlay-type":"","overlay-color":"","overlay-opacity":"","overlay-gradient":""}},"ast-content-background-meta":{"desktop":{"background-color":"var(--ast-global-color-5)","background-image":"","background-repeat":"repeat","background-position":"center center","background-size":"auto","background-attachment":"scroll","background-type":"","background-media":"","overlay-type":"","overlay-color":"","overlay-opacity":"","overlay-gradient":""},"tablet":{"background-color":"var(--ast-global-color-5)","background-image":"","background-repeat":"repeat","background-position":"center center","background-size":"auto","background-attachment":"scroll","background-type":"","background-media":"","overlay-type":"","overlay-color":"","overlay-opacity":"","overlay-gradient":""},"mobile":{"background-color":"var(--ast-global-color-5)","background-image":"","background-repeat":"repeat","background-position":"center center","background-size":"auto","background-attachment":"scroll","background-type":"","background-media":"","overlay-type":"","overlay-color":"","overlay-opacity":"","overlay-gradient":""}},"footnotes":""},"class_list":["post-728","page","type-page","status-publish","hentry"],"_links":{"self":[{"href":"https:\/\/elcellerdelujan.com\/index.php\/wp-json\/wp\/v2\/pages\/728","targetHints":{"allow":["GET"]}}],"collection":[{"href":"https:\/\/elcellerdelujan.com\/index.php\/wp-json\/wp\/v2\/pages"}],"about":[{"href":"https:\/\/elcellerdelujan.com\/index.php\/wp-json\/wp\/v2\/types\/page"}],"author":[{"embeddable":true,"href":"https:\/\/elcellerdelujan.com\/index.php\/wp-json\/wp\/v2\/users\/1"}],"replies":[{"embeddable":true,"href":"https:\/\/elcellerdelujan.com\/index.php\/wp-json\/wp\/v2\/comments?post=728"}],"version-history":[{"count":37,"href":"https:\/\/elcellerdelujan.com\/index.php\/wp-json\/wp\/v2\/pages\/728\/revisions"}],"predecessor-version":[{"id":2605,"href":"https:\/\/elcellerdelujan.com\/index.php\/wp-json\/wp\/v2\/pages\/728\/revisions\/2605"}],"wp:attachment":[{"href":"https:\/\/elcellerdelujan.com\/index.php\/wp-json\/wp\/v2\/media?parent=728"}],"curies":[{"name":"wp","href":"https:\/\/api.w.org\/{rel}","templated":true}]}}