{"id":764,"date":"2023-11-29T16:09:09","date_gmt":"2023-11-29T16:09:09","guid":{"rendered":"https:\/\/elcellerdelujan.com\/?page_id=764"},"modified":"2024-02-18T16:17:09","modified_gmt":"2024-02-18T16:17:09","slug":"microbodega-dominio-del-rodeno","status":"publish","type":"page","link":"https:\/\/elcellerdelujan.com\/index.php\/microbodega-dominio-del-rodeno\/","title":{"rendered":"Microbodega Dominio del Rodeno"},"content":{"rendered":"\t\t<div data-elementor-type=\"wp-page\" data-elementor-id=\"764\" class=\"elementor elementor-764\">\n\t\t\t\t<div class=\"elementor-element elementor-element-5517b28 e-flex e-con-boxed e-con e-parent\" data-id=\"5517b28\" data-element_type=\"container\" data-e-type=\"container\" data-settings=\"{&quot;background_background&quot;:&quot;classic&quot;}\">\n\t\t\t\t\t<div class=\"e-con-inner\">\n\t\t<div class=\"elementor-element elementor-element-c43e8c8 e-flex e-con-boxed e-con e-child\" data-id=\"c43e8c8\" data-element_type=\"container\" data-e-type=\"container\" data-settings=\"{&quot;background_background&quot;:&quot;slideshow&quot;,&quot;background_slideshow_gallery&quot;:[{&quot;id&quot;:1709,&quot;url&quot;:&quot;https:\\\/\\\/elcellerdelujan.com\\\/wp-content\\\/uploads\\\/2024\\\/01\\\/WhatsApp-Image-2023-08-16-at-22.12.27.jpeg&quot;}],&quot;background_slideshow_loop&quot;:&quot;yes&quot;,&quot;background_slideshow_slide_duration&quot;:5000,&quot;background_slideshow_slide_transition&quot;:&quot;fade&quot;,&quot;background_slideshow_transition_duration&quot;:500}\">\n\t\t\t\t\t<div class=\"e-con-inner\">\n\t\t\t\t\t<\/div>\n\t\t\t\t<\/div>\n\t\t\t\t\t<\/div>\n\t\t\t\t<\/div>\n\t\t<div class=\"elementor-element elementor-element-7967bdc e-flex e-con-boxed e-con e-parent\" data-id=\"7967bdc\" data-element_type=\"container\" data-e-type=\"container\" data-settings=\"{&quot;background_background&quot;:&quot;classic&quot;}\">\n\t\t\t\t\t<div class=\"e-con-inner\">\n\t\t<div class=\"elementor-element elementor-element-1effa1d e-con-full e-flex e-con e-child\" data-id=\"1effa1d\" data-element_type=\"container\" data-e-type=\"container\">\n\t\t\t\t<div class=\"elementor-element elementor-element-1b8a4ba elementor-widget elementor-widget-text-editor\" data-id=\"1b8a4ba\" data-element_type=\"widget\" data-e-type=\"widget\" data-widget_type=\"text-editor.default\">\n\t\t\t\t<div class=\"elementor-widget-container\">\n\t\t\t\t\t\t\t\t\t<ul class=\"fields___StyledUl-sc-4nc9tc-3 ctxLhs\"><li class=\"fields___StyledLi-sc-4nc9tc-7 ekXxHs\"><div class=\"fields___StyledDiv3-sc-4nc9tc-9 goXsPb\"><div class=\"fields__StyleWrapper-sc-4nc9tc-0 hYVvZq\"><div class=\"sc-higXBA kjNyLn\" data-test=\"app-markdown-view\"><div class=\"sc-iBaPrD cWGDIx\"><h5 style=\"text-align: center;\">Francis S\u00e1nchez Mart\u00ednez lleg\u00f3 a Azu\u00e9bar para trabajar sus ra\u00edces personales mediante vinos parcelarios de suelos de rodeno y las cepas de mondrag\u00f3n del a\u00f1o 1965 le sorprendieron hasta el punto de trabajar para recuperarlas con una experimentaci\u00f3n digna de tesis.<\/h5><\/div><\/div><\/div><\/div><\/li><\/ul>\t\t\t\t\t\t\t\t<\/div>\n\t\t\t\t<\/div>\n\t\t\t\t<\/div>\n\t\t\t\t\t<\/div>\n\t\t\t\t<\/div>\n\t\t\t\t<\/div>\n\t\t","protected":false},"excerpt":{"rendered":"<p>Francis S\u00e1nchez Mart\u00ednez lleg\u00f3 a Azu\u00e9bar para trabajar sus ra\u00edces personales mediante vinos parcelarios de suelos de rodeno y las cepas de mondrag\u00f3n del a\u00f1o 1965 le sorprendieron hasta el punto de trabajar para recuperarlas con una experimentaci\u00f3n digna de tesis.<\/p>\n","protected":false},"author":1,"featured_media":0,"parent":0,"menu_order":0,"comment_status":"closed","ping_status":"closed","template":"","meta":{"site-sidebar-layout":"no-sidebar","site-content-layout":"","ast-site-content-layout":"full-width-container","site-content-style":"default","site-sidebar-style":"default","ast-global-header-display":"","ast-banner-title-visibility":"","ast-main-header-display":"","ast-hfb-above-header-display":"","ast-hfb-below-header-display":"","ast-hfb-mobile-header-display":"","site-post-title":"disabled","ast-breadcrumbs-content":"","ast-featured-img":"disabled","footer-sml-layout":"","ast-disable-related-posts":"","theme-transparent-header-meta":"","adv-header-id-meta":"","stick-header-meta":"","header-above-stick-meta":"","header-main-stick-meta":"","header-below-stick-meta":"","astra-migrate-meta-layouts":"default","ast-page-background-enabled":"default","ast-page-background-meta":{"desktop":{"background-color":"var(--ast-global-color-4)","background-image":"","background-repeat":"repeat","background-position":"center center","background-size":"auto","background-attachment":"scroll","background-type":"","background-media":"","overlay-type":"","overlay-color":"","overlay-opacity":"","overlay-gradient":""},"tablet":{"background-color":"","background-image":"","background-repeat":"repeat","background-position":"center center","background-size":"auto","background-attachment":"scroll","background-type":"","background-media":"","overlay-type":"","overlay-color":"","overlay-opacity":"","overlay-gradient":""},"mobile":{"background-color":"","background-image":"","background-repeat":"repeat","background-position":"center center","background-size":"auto","background-attachment":"scroll","background-type":"","background-media":"","overlay-type":"","overlay-color":"","overlay-opacity":"","overlay-gradient":""}},"ast-content-background-meta":{"desktop":{"background-color":"var(--ast-global-color-5)","background-image":"","background-repeat":"repeat","background-position":"center center","background-size":"auto","background-attachment":"scroll","background-type":"","background-media":"","overlay-type":"","overlay-color":"","overlay-opacity":"","overlay-gradient":""},"tablet":{"background-color":"var(--ast-global-color-5)","background-image":"","background-repeat":"repeat","background-position":"center center","background-size":"auto","background-attachment":"scroll","background-type":"","background-media":"","overlay-type":"","overlay-color":"","overlay-opacity":"","overlay-gradient":""},"mobile":{"background-color":"var(--ast-global-color-5)","background-image":"","background-repeat":"repeat","background-position":"center center","background-size":"auto","background-attachment":"scroll","background-type":"","background-media":"","overlay-type":"","overlay-color":"","overlay-opacity":"","overlay-gradient":""}},"footnotes":""},"class_list":["post-764","page","type-page","status-publish","hentry"],"_links":{"self":[{"href":"https:\/\/elcellerdelujan.com\/index.php\/wp-json\/wp\/v2\/pages\/764","targetHints":{"allow":["GET"]}}],"collection":[{"href":"https:\/\/elcellerdelujan.com\/index.php\/wp-json\/wp\/v2\/pages"}],"about":[{"href":"https:\/\/elcellerdelujan.com\/index.php\/wp-json\/wp\/v2\/types\/page"}],"author":[{"embeddable":true,"href":"https:\/\/elcellerdelujan.com\/index.php\/wp-json\/wp\/v2\/users\/1"}],"replies":[{"embeddable":true,"href":"https:\/\/elcellerdelujan.com\/index.php\/wp-json\/wp\/v2\/comments?post=764"}],"version-history":[{"count":22,"href":"https:\/\/elcellerdelujan.com\/index.php\/wp-json\/wp\/v2\/pages\/764\/revisions"}],"predecessor-version":[{"id":2536,"href":"https:\/\/elcellerdelujan.com\/index.php\/wp-json\/wp\/v2\/pages\/764\/revisions\/2536"}],"wp:attachment":[{"href":"https:\/\/elcellerdelujan.com\/index.php\/wp-json\/wp\/v2\/media?parent=764"}],"curies":[{"name":"wp","href":"https:\/\/api.w.org\/{rel}","templated":true}]}}