{"id":785,"date":"2023-11-29T17:03:55","date_gmt":"2023-11-29T17:03:55","guid":{"rendered":"https:\/\/elcellerdelujan.com\/?page_id=785"},"modified":"2024-02-18T16:23:52","modified_gmt":"2024-02-18T16:23:52","slug":"veronica-romero","status":"publish","type":"page","link":"https:\/\/elcellerdelujan.com\/index.php\/veronica-romero\/","title":{"rendered":"Ver\u00f3nica Romero"},"content":{"rendered":"\t\t<div data-elementor-type=\"wp-page\" data-elementor-id=\"785\" class=\"elementor elementor-785\">\n\t\t\t\t<div class=\"elementor-element elementor-element-44e9217 e-flex e-con-boxed e-con e-parent\" data-id=\"44e9217\" data-element_type=\"container\" data-e-type=\"container\" data-settings=\"{&quot;background_background&quot;:&quot;classic&quot;}\">\n\t\t\t\t\t<div class=\"e-con-inner\">\n\t\t<div class=\"elementor-element elementor-element-3cc8e4c e-con-full e-flex e-con e-child\" data-id=\"3cc8e4c\" data-element_type=\"container\" data-e-type=\"container\" data-settings=\"{&quot;background_background&quot;:&quot;classic&quot;}\">\n\t\t\t\t<\/div>\n\t\t\t\t\t<\/div>\n\t\t\t\t<\/div>\n\t\t<div class=\"elementor-element elementor-element-5ec76e5 e-flex e-con-boxed e-con e-parent\" data-id=\"5ec76e5\" data-element_type=\"container\" data-e-type=\"container\" data-settings=\"{&quot;background_background&quot;:&quot;classic&quot;}\">\n\t\t\t\t\t<div class=\"e-con-inner\">\n\t\t<div class=\"elementor-element elementor-element-7105f23 e-con-full e-flex e-con e-child\" data-id=\"7105f23\" data-element_type=\"container\" data-e-type=\"container\">\n\t\t\t\t<div class=\"elementor-element elementor-element-b180e53 elementor-widget elementor-widget-text-editor\" data-id=\"b180e53\" data-element_type=\"widget\" data-e-type=\"widget\" data-widget_type=\"text-editor.default\">\n\t\t\t\t<div class=\"elementor-widget-container\">\n\t\t\t\t\t\t\t\t\t<p class=\"m-text-align-center m-size-16\"><span style=\"color: #800080;\"><span class=\"m-font-size-16\">Me llamo <\/span><span class=\"m-font-size-16\">Ver\u00f3nica Romero<\/span><span class=\"m-font-size-16\">, soy la cuarta generaci\u00f3n de una familia de viticultores y la primera que elabora vino.<\/span><\/span><\/p><p class=\"m-text-align-center m-size-16\"><span class=\"m-font-size-16\" style=\"color: #800080;\">Vivo en la aldea de Los Duques, en Requena. Los vi\u00f1edos est\u00e1n en Los Duques y en Las Monjas (Venta del Moro), ambos pertenecen a la provincia de Valencia, pero est\u00e1n muy pr\u00f3ximos a Castilla la Mancha, lo que explica que nuestro clima es continental con influencia mediterr\u00e1nea.<\/span><\/p><p class=\"m-text-align-center m-size-16\"><span class=\"m-font-size-16\" style=\"color: #800080;\">Mi familia se ha dedicado a la agricultura desde hace a\u00f1os. En la actualidad mi padre y yo trabajamos 40 ha de vi\u00f1edo en ecol\u00f3gico con edades comprendidas entre 12 y 90 a\u00f1os. En la finca, adem\u00e1s de vi\u00f1edo, tenemos otros cultivos como almendros y cereal.<\/span><\/p>\t\t\t\t\t\t\t\t<\/div>\n\t\t\t\t<\/div>\n\t\t\t\t<\/div>\n\t\t<div class=\"elementor-element elementor-element-0398d5b e-flex e-con-boxed e-con e-child\" data-id=\"0398d5b\" data-element_type=\"container\" data-e-type=\"container\" data-settings=\"{&quot;background_background&quot;:&quot;classic&quot;}\">\n\t\t\t\t\t<div class=\"e-con-inner\">\n\t\t\t\t<div class=\"elementor-element elementor-element-10e6c82 elementor-widget elementor-widget-image\" data-id=\"10e6c82\" data-element_type=\"widget\" data-e-type=\"widget\" data-widget_type=\"image.default\">\n\t\t\t\t<div class=\"elementor-widget-container\">\n\t\t\t\t\t\t\t\t\t\t\t\t\t\t\t<img decoding=\"async\" src=\"https:\/\/elcellerdelujan.com\/wp-content\/uploads\/2024\/01\/Captura-de-pantalla-2023-08-04-a-las-17.50.19-2.png\" title=\"\" alt=\"\" loading=\"lazy\" \/>\t\t\t\t\t\t\t\t\t\t\t\t\t\t\t<\/div>\n\t\t\t\t<\/div>\n\t\t\t\t\t<\/div>\n\t\t\t\t<\/div>\n\t\t\t\t\t<\/div>\n\t\t\t\t<\/div>\n\t\t\t\t<\/div>\n\t\t","protected":false},"excerpt":{"rendered":"<p>Me llamo Ver\u00f3nica Romero, soy la cuarta generaci\u00f3n de una familia de viticultores y la primera que elabora vino. Vivo en la aldea de Los Duques, en Requena. Los vi\u00f1edos est\u00e1n en Los Duques y en Las Monjas (Venta del Moro), ambos pertenecen a la provincia de Valencia, pero est\u00e1n muy pr\u00f3ximos a Castilla la [&hellip;]<\/p>\n","protected":false},"author":1,"featured_media":0,"parent":0,"menu_order":0,"comment_status":"closed","ping_status":"closed","template":"","meta":{"site-sidebar-layout":"no-sidebar","site-content-layout":"","ast-site-content-layout":"full-width-container","site-content-style":"default","site-sidebar-style":"default","ast-global-header-display":"","ast-banner-title-visibility":"","ast-main-header-display":"","ast-hfb-above-header-display":"","ast-hfb-below-header-display":"","ast-hfb-mobile-header-display":"","site-post-title":"disabled","ast-breadcrumbs-content":"","ast-featured-img":"disabled","footer-sml-layout":"","ast-disable-related-posts":"","theme-transparent-header-meta":"","adv-header-id-meta":"","stick-header-meta":"","header-above-stick-meta":"","header-main-stick-meta":"","header-below-stick-meta":"","astra-migrate-meta-layouts":"default","ast-page-background-enabled":"default","ast-page-background-meta":{"desktop":{"background-color":"var(--ast-global-color-4)","background-image":"","background-repeat":"repeat","background-position":"center center","background-size":"auto","background-attachment":"scroll","background-type":"","background-media":"","overlay-type":"","overlay-color":"","overlay-opacity":"","overlay-gradient":""},"tablet":{"background-color":"","background-image":"","background-repeat":"repeat","background-position":"center center","background-size":"auto","background-attachment":"scroll","background-type":"","background-media":"","overlay-type":"","overlay-color":"","overlay-opacity":"","overlay-gradient":""},"mobile":{"background-color":"","background-image":"","background-repeat":"repeat","background-position":"center center","background-size":"auto","background-attachment":"scroll","background-type":"","background-media":"","overlay-type":"","overlay-color":"","overlay-opacity":"","overlay-gradient":""}},"ast-content-background-meta":{"desktop":{"background-color":"var(--ast-global-color-5)","background-image":"","background-repeat":"repeat","background-position":"center center","background-size":"auto","background-attachment":"scroll","background-type":"","background-media":"","overlay-type":"","overlay-color":"","overlay-opacity":"","overlay-gradient":""},"tablet":{"background-color":"var(--ast-global-color-5)","background-image":"","background-repeat":"repeat","background-position":"center center","background-size":"auto","background-attachment":"scroll","background-type":"","background-media":"","overlay-type":"","overlay-color":"","overlay-opacity":"","overlay-gradient":""},"mobile":{"background-color":"var(--ast-global-color-5)","background-image":"","background-repeat":"repeat","background-position":"center center","background-size":"auto","background-attachment":"scroll","background-type":"","background-media":"","overlay-type":"","overlay-color":"","overlay-opacity":"","overlay-gradient":""}},"footnotes":""},"class_list":["post-785","page","type-page","status-publish","hentry"],"_links":{"self":[{"href":"https:\/\/elcellerdelujan.com\/index.php\/wp-json\/wp\/v2\/pages\/785","targetHints":{"allow":["GET"]}}],"collection":[{"href":"https:\/\/elcellerdelujan.com\/index.php\/wp-json\/wp\/v2\/pages"}],"about":[{"href":"https:\/\/elcellerdelujan.com\/index.php\/wp-json\/wp\/v2\/types\/page"}],"author":[{"embeddable":true,"href":"https:\/\/elcellerdelujan.com\/index.php\/wp-json\/wp\/v2\/users\/1"}],"replies":[{"embeddable":true,"href":"https:\/\/elcellerdelujan.com\/index.php\/wp-json\/wp\/v2\/comments?post=785"}],"version-history":[{"count":19,"href":"https:\/\/elcellerdelujan.com\/index.php\/wp-json\/wp\/v2\/pages\/785\/revisions"}],"predecessor-version":[{"id":2542,"href":"https:\/\/elcellerdelujan.com\/index.php\/wp-json\/wp\/v2\/pages\/785\/revisions\/2542"}],"wp:attachment":[{"href":"https:\/\/elcellerdelujan.com\/index.php\/wp-json\/wp\/v2\/media?parent=785"}],"curies":[{"name":"wp","href":"https:\/\/api.w.org\/{rel}","templated":true}]}}