{"id":793,"date":"2023-11-29T17:28:27","date_gmt":"2023-11-29T17:28:27","guid":{"rendered":"https:\/\/elcellerdelujan.com\/?page_id=793"},"modified":"2024-02-18T16:27:00","modified_gmt":"2024-02-18T16:27:00","slug":"bodegas-laudes","status":"publish","type":"page","link":"https:\/\/elcellerdelujan.com\/index.php\/bodegas-laudes\/","title":{"rendered":"Bodegas Laudes"},"content":{"rendered":"\t\t<div data-elementor-type=\"wp-page\" data-elementor-id=\"793\" class=\"elementor elementor-793\">\n\t\t\t\t<div class=\"elementor-element elementor-element-91bb557 e-flex e-con-boxed e-con e-parent\" data-id=\"91bb557\" data-element_type=\"container\" data-e-type=\"container\" data-settings=\"{&quot;background_background&quot;:&quot;classic&quot;}\">\n\t\t\t\t\t<div class=\"e-con-inner\">\n\t\t\t\t\t<\/div>\n\t\t\t\t<\/div>\n\t\t<div class=\"elementor-element elementor-element-57c8640 e-flex e-con-boxed e-con e-parent\" data-id=\"57c8640\" data-element_type=\"container\" data-e-type=\"container\" data-settings=\"{&quot;background_background&quot;:&quot;classic&quot;}\">\n\t\t\t\t\t<div class=\"e-con-inner\">\n\t\t<div class=\"elementor-element elementor-element-5474d74 e-con-full e-flex e-con e-child\" data-id=\"5474d74\" data-element_type=\"container\" data-e-type=\"container\">\n\t\t\t\t<div class=\"elementor-element elementor-element-08b1d31 elementor-widget elementor-widget-text-editor\" data-id=\"08b1d31\" data-element_type=\"widget\" data-e-type=\"widget\" data-widget_type=\"text-editor.default\">\n\t\t\t\t<div class=\"elementor-widget-container\">\n\t\t\t\t\t\t\t\t\t<div class=\"dfd-info-banner style-01 text-left\"><h5 class=\"description\"><span style=\"color: #800000;\">Como todas las cosas \u00a0que han sido, son y ser\u00e1n, Laudes tiene un comienzo y este se remonta al a\u00f1o 2000, cuando despu\u00e9s de haber terminado sus estudios de enolog\u00eda y luego de llevar tiempo buscando y seleccionado los clones m\u00e1s peculiares de las variedades albari\u00f1o, godello y cai\u00f1o blanco, L\u00e1zaro Moreno Sotelo encuentra un lugar irremplazable donde cultivar esos productos de la loter\u00eda gen\u00e9tica encontrados a\u00f1os atr\u00e1s.<\/span><\/h5><\/div><div class=\"dfd-info-banner style-01 text-left\"><div class=\"delimiter\">\u00a0<\/div><h5 class=\"description\"><span style=\"color: #800000;\">Ya era afamada Finca Raposeiras lustros h\u00e1, mucho antes del monte, en el que el tiempo y el abandono de la mano del hombre la hab\u00edan convertido. Por aquel entonces se dec\u00eda que de esa Finca sal\u00eda la mejor uva de la Ribera del r\u00edo Avia<\/span>.<\/h5><\/div>\t\t\t\t\t\t\t\t<\/div>\n\t\t\t\t<\/div>\n\t\t\t\t<\/div>\n\t\t<div class=\"elementor-element elementor-element-feccbd2 e-con-full e-flex e-con e-child\" data-id=\"feccbd2\" data-element_type=\"container\" data-e-type=\"container\" data-settings=\"{&quot;background_background&quot;:&quot;slideshow&quot;,&quot;background_slideshow_gallery&quot;:[{&quot;id&quot;:1786,&quot;url&quot;:&quot;https:\\\/\\\/elcellerdelujan.com\\\/wp-content\\\/uploads\\\/2024\\\/01\\\/Captura-de-pantalla-2023-11-29-a-las-18.25.46-1.png&quot;}],&quot;background_slideshow_loop&quot;:&quot;yes&quot;,&quot;background_slideshow_slide_duration&quot;:5000,&quot;background_slideshow_slide_transition&quot;:&quot;fade&quot;,&quot;background_slideshow_transition_duration&quot;:500}\">\n\t\t\t\t<div class=\"elementor-element elementor-element-555103d elementor-widget elementor-widget-image\" data-id=\"555103d\" data-element_type=\"widget\" data-e-type=\"widget\" data-widget_type=\"image.default\">\n\t\t\t\t<div class=\"elementor-widget-container\">\n\t\t\t\t\t\t\t\t\t\t\t\t\t\t\t<img fetchpriority=\"high\" decoding=\"async\" width=\"768\" height=\"958\" src=\"https:\/\/elcellerdelujan.com\/wp-content\/uploads\/2024\/01\/Captura-de-pantalla-2023-11-29-a-las-18.25.46-768x958.png\" class=\"attachment-medium_large size-medium_large wp-image-1630\" alt=\"\" srcset=\"https:\/\/elcellerdelujan.com\/wp-content\/uploads\/2024\/01\/Captura-de-pantalla-2023-11-29-a-las-18.25.46-768x958.png 768w, https:\/\/elcellerdelujan.com\/wp-content\/uploads\/2024\/01\/Captura-de-pantalla-2023-11-29-a-las-18.25.46-240x300.png 240w, https:\/\/elcellerdelujan.com\/wp-content\/uploads\/2024\/01\/Captura-de-pantalla-2023-11-29-a-las-18.25.46-821x1024.png 821w, https:\/\/elcellerdelujan.com\/wp-content\/uploads\/2024\/01\/Captura-de-pantalla-2023-11-29-a-las-18.25.46-1231x1536.png 1231w, https:\/\/elcellerdelujan.com\/wp-content\/uploads\/2024\/01\/Captura-de-pantalla-2023-11-29-a-las-18.25.46-1320x1647.png 1320w, https:\/\/elcellerdelujan.com\/wp-content\/uploads\/2024\/01\/Captura-de-pantalla-2023-11-29-a-las-18.25.46-600x748.png 600w, https:\/\/elcellerdelujan.com\/wp-content\/uploads\/2024\/01\/Captura-de-pantalla-2023-11-29-a-las-18.25.46.png 1382w\" sizes=\"(max-width: 768px) 100vw, 768px\" \/>\t\t\t\t\t\t\t\t\t\t\t\t\t\t\t<\/div>\n\t\t\t\t<\/div>\n\t\t\t\t<\/div>\n\t\t\t\t\t<\/div>\n\t\t\t\t<\/div>\n\t\t\t\t<\/div>\n\t\t","protected":false},"excerpt":{"rendered":"<p>Como todas las cosas \u00a0que han sido, son y ser\u00e1n, Laudes tiene un comienzo y este se remonta al a\u00f1o 2000, cuando despu\u00e9s de haber terminado sus estudios de enolog\u00eda y luego de llevar tiempo buscando y seleccionado los clones m\u00e1s peculiares de las variedades albari\u00f1o, godello y cai\u00f1o blanco, L\u00e1zaro Moreno Sotelo encuentra un [&hellip;]<\/p>\n","protected":false},"author":1,"featured_media":0,"parent":0,"menu_order":0,"comment_status":"closed","ping_status":"closed","template":"","meta":{"site-sidebar-layout":"no-sidebar","site-content-layout":"","ast-site-content-layout":"full-width-container","site-content-style":"default","site-sidebar-style":"default","ast-global-header-display":"","ast-banner-title-visibility":"","ast-main-header-display":"","ast-hfb-above-header-display":"","ast-hfb-below-header-display":"","ast-hfb-mobile-header-display":"","site-post-title":"disabled","ast-breadcrumbs-content":"","ast-featured-img":"disabled","footer-sml-layout":"","ast-disable-related-posts":"","theme-transparent-header-meta":"","adv-header-id-meta":"","stick-header-meta":"","header-above-stick-meta":"","header-main-stick-meta":"","header-below-stick-meta":"","astra-migrate-meta-layouts":"default","ast-page-background-enabled":"default","ast-page-background-meta":{"desktop":{"background-color":"var(--ast-global-color-4)","background-image":"","background-repeat":"repeat","background-position":"center center","background-size":"auto","background-attachment":"scroll","background-type":"","background-media":"","overlay-type":"","overlay-color":"","overlay-opacity":"","overlay-gradient":""},"tablet":{"background-color":"","background-image":"","background-repeat":"repeat","background-position":"center center","background-size":"auto","background-attachment":"scroll","background-type":"","background-media":"","overlay-type":"","overlay-color":"","overlay-opacity":"","overlay-gradient":""},"mobile":{"background-color":"","background-image":"","background-repeat":"repeat","background-position":"center center","background-size":"auto","background-attachment":"scroll","background-type":"","background-media":"","overlay-type":"","overlay-color":"","overlay-opacity":"","overlay-gradient":""}},"ast-content-background-meta":{"desktop":{"background-color":"var(--ast-global-color-5)","background-image":"","background-repeat":"repeat","background-position":"center center","background-size":"auto","background-attachment":"scroll","background-type":"","background-media":"","overlay-type":"","overlay-color":"","overlay-opacity":"","overlay-gradient":""},"tablet":{"background-color":"var(--ast-global-color-5)","background-image":"","background-repeat":"repeat","background-position":"center center","background-size":"auto","background-attachment":"scroll","background-type":"","background-media":"","overlay-type":"","overlay-color":"","overlay-opacity":"","overlay-gradient":""},"mobile":{"background-color":"var(--ast-global-color-5)","background-image":"","background-repeat":"repeat","background-position":"center center","background-size":"auto","background-attachment":"scroll","background-type":"","background-media":"","overlay-type":"","overlay-color":"","overlay-opacity":"","overlay-gradient":""}},"footnotes":""},"class_list":["post-793","page","type-page","status-publish","hentry"],"_links":{"self":[{"href":"https:\/\/elcellerdelujan.com\/index.php\/wp-json\/wp\/v2\/pages\/793","targetHints":{"allow":["GET"]}}],"collection":[{"href":"https:\/\/elcellerdelujan.com\/index.php\/wp-json\/wp\/v2\/pages"}],"about":[{"href":"https:\/\/elcellerdelujan.com\/index.php\/wp-json\/wp\/v2\/types\/page"}],"author":[{"embeddable":true,"href":"https:\/\/elcellerdelujan.com\/index.php\/wp-json\/wp\/v2\/users\/1"}],"replies":[{"embeddable":true,"href":"https:\/\/elcellerdelujan.com\/index.php\/wp-json\/wp\/v2\/comments?post=793"}],"version-history":[{"count":22,"href":"https:\/\/elcellerdelujan.com\/index.php\/wp-json\/wp\/v2\/pages\/793\/revisions"}],"predecessor-version":[{"id":2546,"href":"https:\/\/elcellerdelujan.com\/index.php\/wp-json\/wp\/v2\/pages\/793\/revisions\/2546"}],"wp:attachment":[{"href":"https:\/\/elcellerdelujan.com\/index.php\/wp-json\/wp\/v2\/media?parent=793"}],"curies":[{"name":"wp","href":"https:\/\/api.w.org\/{rel}","templated":true}]}}