{"id":801,"date":"2023-11-29T17:46:55","date_gmt":"2023-11-29T17:46:55","guid":{"rendered":"https:\/\/elcellerdelujan.com\/?page_id=801"},"modified":"2024-02-18T16:29:37","modified_gmt":"2024-02-18T16:29:37","slug":"enovitis","status":"publish","type":"page","link":"https:\/\/elcellerdelujan.com\/index.php\/enovitis\/","title":{"rendered":"Enovitis"},"content":{"rendered":"\t\t<div data-elementor-type=\"wp-page\" data-elementor-id=\"801\" class=\"elementor elementor-801\">\n\t\t\t\t<div class=\"elementor-element elementor-element-f134192 e-flex e-con-boxed e-con e-parent\" data-id=\"f134192\" data-element_type=\"container\" data-e-type=\"container\" data-settings=\"{&quot;background_background&quot;:&quot;classic&quot;}\">\n\t\t\t\t\t<div class=\"e-con-inner\">\n\t\t<div class=\"elementor-element elementor-element-9138b6f e-flex e-con-boxed e-con e-child\" data-id=\"9138b6f\" data-element_type=\"container\" data-e-type=\"container\" data-settings=\"{&quot;background_background&quot;:&quot;slideshow&quot;,&quot;background_slideshow_gallery&quot;:[{&quot;id&quot;:1688,&quot;url&quot;:&quot;https:\\\/\\\/elcellerdelujan.com\\\/wp-content\\\/uploads\\\/2024\\\/01\\\/Logo-enovitis-smart-wines-color.jpg&quot;}],&quot;background_slideshow_loop&quot;:&quot;yes&quot;,&quot;background_slideshow_slide_duration&quot;:5000,&quot;background_slideshow_slide_transition&quot;:&quot;fade&quot;,&quot;background_slideshow_transition_duration&quot;:500}\">\n\t\t\t\t\t<div class=\"e-con-inner\">\n\t\t\t\t\t<\/div>\n\t\t\t\t<\/div>\n\t\t\t\t\t<\/div>\n\t\t\t\t<\/div>\n\t\t<div class=\"elementor-element elementor-element-6e36a7b e-flex e-con-boxed e-con e-parent\" data-id=\"6e36a7b\" data-element_type=\"container\" data-e-type=\"container\">\n\t\t\t\t\t<div class=\"e-con-inner\">\n\t\t<div class=\"elementor-element elementor-element-83498ed e-con-full e-flex e-con e-child\" data-id=\"83498ed\" data-element_type=\"container\" data-e-type=\"container\">\n\t\t\t\t<div class=\"elementor-element elementor-element-f4c4881 elementor-widget elementor-widget-text-editor\" data-id=\"f4c4881\" data-element_type=\"widget\" data-e-type=\"widget\" data-widget_type=\"text-editor.default\">\n\t\t\t\t<div class=\"elementor-widget-container\">\n\t\t\t\t\t\t\t\t\t<h5><span style=\"color: #993300;\">Nace con la voluntad de conectar consultor\u00eda en viticultura y enolog\u00eda de una forma din\u00e1mica, cercana y f\u00e1cil tanto para el viticultor como para el elaborador.<\/span><\/h5><h5><span style=\"color: #993300;\">Ofrecemos servicios de consultor\u00eda para peque\u00f1os proyectos, mentes innovadoras y con ganas de dise\u00f1ar vinos u otros fermentados que sorprendan al consumidor. Adem\u00e1s ofrecemos un espacio virtual privado donde poder consultar toda tu documentaci\u00f3n de manera f\u00e1cil y \u00e1gil desde cualquier dispositivo.<\/span><\/h5><h5><span style=\"color: #993300;\">Nos encargamos de toda la trazabilidad de manera que el cliente pueda invertir m\u00e1s tiempo en la vi\u00f1a y en la bodega.<\/span><\/h5>\t\t\t\t\t\t\t\t<\/div>\n\t\t\t\t<\/div>\n\t\t\t\t<\/div>\n\t\t<div class=\"elementor-element elementor-element-3725ee0 e-con-full e-flex e-con e-child\" data-id=\"3725ee0\" data-element_type=\"container\" data-e-type=\"container\" data-settings=\"{&quot;background_background&quot;:&quot;slideshow&quot;,&quot;background_slideshow_gallery&quot;:[{&quot;id&quot;:1942,&quot;url&quot;:&quot;https:\\\/\\\/elcellerdelujan.com\\\/wp-content\\\/uploads\\\/2024\\\/01\\\/Captura-de-pantalla-2023-11-29-a-las-18.46.45-2.png&quot;}],&quot;background_slideshow_loop&quot;:&quot;yes&quot;,&quot;background_slideshow_slide_duration&quot;:5000,&quot;background_slideshow_slide_transition&quot;:&quot;fade&quot;,&quot;background_slideshow_transition_duration&quot;:500}\">\n\t\t\t\t<div class=\"elementor-element elementor-element-972ad3e elementor-widget elementor-widget-image\" data-id=\"972ad3e\" data-element_type=\"widget\" data-e-type=\"widget\" data-widget_type=\"image.default\">\n\t\t\t\t<div class=\"elementor-widget-container\">\n\t\t\t\t\t\t\t\t\t\t\t\t\t\t\t<img fetchpriority=\"high\" decoding=\"async\" width=\"1024\" height=\"1024\" src=\"https:\/\/elcellerdelujan.com\/wp-content\/uploads\/2024\/01\/Captura-de-pantalla-2023-11-29-a-las-18.46.45-1024x1024.png\" class=\"attachment-large size-large wp-image-1631\" alt=\"\" srcset=\"https:\/\/elcellerdelujan.com\/wp-content\/uploads\/2024\/01\/Captura-de-pantalla-2023-11-29-a-las-18.46.45-1024x1024.png 1024w, https:\/\/elcellerdelujan.com\/wp-content\/uploads\/2024\/01\/Captura-de-pantalla-2023-11-29-a-las-18.46.45-300x300.png 300w, https:\/\/elcellerdelujan.com\/wp-content\/uploads\/2024\/01\/Captura-de-pantalla-2023-11-29-a-las-18.46.45-150x150.png 150w, https:\/\/elcellerdelujan.com\/wp-content\/uploads\/2024\/01\/Captura-de-pantalla-2023-11-29-a-las-18.46.45-768x768.png 768w, https:\/\/elcellerdelujan.com\/wp-content\/uploads\/2024\/01\/Captura-de-pantalla-2023-11-29-a-las-18.46.45-600x600.png 600w, https:\/\/elcellerdelujan.com\/wp-content\/uploads\/2024\/01\/Captura-de-pantalla-2023-11-29-a-las-18.46.45-100x100.png 100w, https:\/\/elcellerdelujan.com\/wp-content\/uploads\/2024\/01\/Captura-de-pantalla-2023-11-29-a-las-18.46.45.png 1092w\" sizes=\"(max-width: 1024px) 100vw, 1024px\" \/>\t\t\t\t\t\t\t\t\t\t\t\t\t\t\t<\/div>\n\t\t\t\t<\/div>\n\t\t\t\t<\/div>\n\t\t\t\t\t<\/div>\n\t\t\t\t<\/div>\n\t\t\t\t<\/div>\n\t\t","protected":false},"excerpt":{"rendered":"<p>Nace con la voluntad de conectar consultor\u00eda en viticultura y enolog\u00eda de una forma din\u00e1mica, cercana y f\u00e1cil tanto para el viticultor como para el elaborador. Ofrecemos servicios de consultor\u00eda para peque\u00f1os proyectos, mentes innovadoras y con ganas de dise\u00f1ar vinos u otros fermentados que sorprendan al consumidor. Adem\u00e1s ofrecemos un espacio virtual privado donde [&hellip;]<\/p>\n","protected":false},"author":1,"featured_media":0,"parent":0,"menu_order":0,"comment_status":"closed","ping_status":"closed","template":"","meta":{"site-sidebar-layout":"no-sidebar","site-content-layout":"","ast-site-content-layout":"full-width-container","site-content-style":"default","site-sidebar-style":"default","ast-global-header-display":"","ast-banner-title-visibility":"","ast-main-header-display":"","ast-hfb-above-header-display":"","ast-hfb-below-header-display":"","ast-hfb-mobile-header-display":"","site-post-title":"disabled","ast-breadcrumbs-content":"","ast-featured-img":"disabled","footer-sml-layout":"","ast-disable-related-posts":"","theme-transparent-header-meta":"","adv-header-id-meta":"","stick-header-meta":"","header-above-stick-meta":"","header-main-stick-meta":"","header-below-stick-meta":"","astra-migrate-meta-layouts":"default","ast-page-background-enabled":"default","ast-page-background-meta":{"desktop":{"background-color":"var(--ast-global-color-4)","background-image":"","background-repeat":"repeat","background-position":"center center","background-size":"auto","background-attachment":"scroll","background-type":"","background-media":"","overlay-type":"","overlay-color":"","overlay-opacity":"","overlay-gradient":""},"tablet":{"background-color":"","background-image":"","background-repeat":"repeat","background-position":"center center","background-size":"auto","background-attachment":"scroll","background-type":"","background-media":"","overlay-type":"","overlay-color":"","overlay-opacity":"","overlay-gradient":""},"mobile":{"background-color":"","background-image":"","background-repeat":"repeat","background-position":"center center","background-size":"auto","background-attachment":"scroll","background-type":"","background-media":"","overlay-type":"","overlay-color":"","overlay-opacity":"","overlay-gradient":""}},"ast-content-background-meta":{"desktop":{"background-color":"var(--ast-global-color-5)","background-image":"","background-repeat":"repeat","background-position":"center center","background-size":"auto","background-attachment":"scroll","background-type":"","background-media":"","overlay-type":"","overlay-color":"","overlay-opacity":"","overlay-gradient":""},"tablet":{"background-color":"var(--ast-global-color-5)","background-image":"","background-repeat":"repeat","background-position":"center center","background-size":"auto","background-attachment":"scroll","background-type":"","background-media":"","overlay-type":"","overlay-color":"","overlay-opacity":"","overlay-gradient":""},"mobile":{"background-color":"var(--ast-global-color-5)","background-image":"","background-repeat":"repeat","background-position":"center center","background-size":"auto","background-attachment":"scroll","background-type":"","background-media":"","overlay-type":"","overlay-color":"","overlay-opacity":"","overlay-gradient":""}},"footnotes":""},"class_list":["post-801","page","type-page","status-publish","hentry"],"_links":{"self":[{"href":"https:\/\/elcellerdelujan.com\/index.php\/wp-json\/wp\/v2\/pages\/801","targetHints":{"allow":["GET"]}}],"collection":[{"href":"https:\/\/elcellerdelujan.com\/index.php\/wp-json\/wp\/v2\/pages"}],"about":[{"href":"https:\/\/elcellerdelujan.com\/index.php\/wp-json\/wp\/v2\/types\/page"}],"author":[{"embeddable":true,"href":"https:\/\/elcellerdelujan.com\/index.php\/wp-json\/wp\/v2\/users\/1"}],"replies":[{"embeddable":true,"href":"https:\/\/elcellerdelujan.com\/index.php\/wp-json\/wp\/v2\/comments?post=801"}],"version-history":[{"count":22,"href":"https:\/\/elcellerdelujan.com\/index.php\/wp-json\/wp\/v2\/pages\/801\/revisions"}],"predecessor-version":[{"id":2552,"href":"https:\/\/elcellerdelujan.com\/index.php\/wp-json\/wp\/v2\/pages\/801\/revisions\/2552"}],"wp:attachment":[{"href":"https:\/\/elcellerdelujan.com\/index.php\/wp-json\/wp\/v2\/media?parent=801"}],"curies":[{"name":"wp","href":"https:\/\/api.w.org\/{rel}","templated":true}]}}