{"id":809,"date":"2023-11-30T08:17:02","date_gmt":"2023-11-30T08:17:02","guid":{"rendered":"https:\/\/elcellerdelujan.com\/?page_id=809"},"modified":"2024-03-06T16:58:01","modified_gmt":"2024-03-06T16:58:01","slug":"duran-galan","status":"publish","type":"page","link":"https:\/\/elcellerdelujan.com\/index.php\/duran-galan\/","title":{"rendered":"Dur\u00e1n Gal\u00e1n"},"content":{"rendered":"\t\t<div data-elementor-type=\"wp-page\" data-elementor-id=\"809\" class=\"elementor elementor-809\">\n\t\t\t\t<div class=\"elementor-element elementor-element-86be29c e-flex e-con-boxed e-con e-parent\" data-id=\"86be29c\" data-element_type=\"container\" data-e-type=\"container\">\n\t\t\t\t\t<div class=\"e-con-inner\">\n\t\t\t\t<div class=\"elementor-element elementor-element-e095063 elementor-widget elementor-widget-image\" data-id=\"e095063\" data-element_type=\"widget\" data-e-type=\"widget\" data-widget_type=\"image.default\">\n\t\t\t\t<div class=\"elementor-widget-container\">\n\t\t\t\t\t\t\t\t\t\t\t\t\t\t\t<img fetchpriority=\"high\" decoding=\"async\" width=\"274\" height=\"300\" src=\"https:\/\/elcellerdelujan.com\/wp-content\/uploads\/2024\/01\/duran-galan-logo-07-274x300.png\" class=\"attachment-medium size-medium wp-image-1672\" alt=\"\" srcset=\"https:\/\/elcellerdelujan.com\/wp-content\/uploads\/2024\/01\/duran-galan-logo-07-274x300.png 274w, https:\/\/elcellerdelujan.com\/wp-content\/uploads\/2024\/01\/duran-galan-logo-07-936x1024.png 936w, https:\/\/elcellerdelujan.com\/wp-content\/uploads\/2024\/01\/duran-galan-logo-07-768x840.png 768w, https:\/\/elcellerdelujan.com\/wp-content\/uploads\/2024\/01\/duran-galan-logo-07-600x657.png 600w, https:\/\/elcellerdelujan.com\/wp-content\/uploads\/2024\/01\/duran-galan-logo-07.png 1083w\" sizes=\"(max-width: 274px) 100vw, 274px\" \/>\t\t\t\t\t\t\t\t\t\t\t\t\t\t\t<\/div>\n\t\t\t\t<\/div>\n\t\t\t\t\t<\/div>\n\t\t\t\t<\/div>\n\t\t<div class=\"elementor-element elementor-element-e065e1e e-flex e-con-boxed e-con e-parent\" data-id=\"e065e1e\" data-element_type=\"container\" data-e-type=\"container\" data-settings=\"{&quot;background_background&quot;:&quot;classic&quot;}\">\n\t\t\t\t\t<div class=\"e-con-inner\">\n\t\t<div class=\"elementor-element elementor-element-d59c68e e-con-full e-flex e-con e-child\" data-id=\"d59c68e\" data-element_type=\"container\" data-e-type=\"container\" data-settings=\"{&quot;background_background&quot;:&quot;classic&quot;}\">\n\t\t<div class=\"elementor-element elementor-element-e4425c5 e-flex e-con-boxed e-con e-child\" data-id=\"e4425c5\" data-element_type=\"container\" data-e-type=\"container\" data-settings=\"{&quot;background_background&quot;:&quot;classic&quot;}\">\n\t\t\t\t\t<div class=\"e-con-inner\">\n\t\t\t\t\t<\/div>\n\t\t\t\t<\/div>\n\t\t\t\t<div class=\"elementor-element elementor-element-1259e99 elementor-widget elementor-widget-text-editor\" data-id=\"1259e99\" data-element_type=\"widget\" data-e-type=\"widget\" data-widget_type=\"text-editor.default\">\n\t\t\t\t<div class=\"elementor-widget-container\">\n\t\t\t\t\t\t\t\t\t<h5><span style=\"color: #993300;\">J\u00f3venes emprendedores del sector vin\u00edcola con experiencia, vocaci\u00f3n y amor por la tierra y los vinos espumosos. Crean en 2016 Duran Galan una marca bajo la que elaboran principalmente Cavas, pero con la premisa de crecer, de estar orientados a la tendencia y nuevas corrientes de consumo, como los vinos sin alcohol o mostos naturales. Pero ofreciendo productos de calidad Elaboramos cavas artesanales cuidando el m\u00ednimo detalle, con el objetivo de ofrecer una gama de productos de alta calidad y una experiencia del vino \u00fanica. Creemos en un modelo de cavas complejos, por eso nuestros productos tienen crianzas que oscilan de los 36 hasta los 132 meses reposando en cavas la paciencia, mimo y espera, dan como resultado cavas gastron\u00f3micos de calidad superior Nuestra producci\u00f3n es peque\u00f1a con ediciones limitadas con mucho esfuerzo y dedicaci\u00f3n para ofrecer una gama de productos que muestren nuestra filosof\u00eda. Por ello intentamos promover el Enoturismo o Turismo de vino para dar a conocer este tipo de productos.<\/span><\/h5>\t\t\t\t\t\t\t\t<\/div>\n\t\t\t\t<\/div>\n\t\t\t\t<\/div>\n\t\t<div class=\"elementor-element elementor-element-dad2904 e-con-full e-flex e-con e-child\" data-id=\"dad2904\" data-element_type=\"container\" data-e-type=\"container\" data-settings=\"{&quot;background_background&quot;:&quot;slideshow&quot;,&quot;background_slideshow_gallery&quot;:[{&quot;id&quot;:1944,&quot;url&quot;:&quot;https:\\\/\\\/elcellerdelujan.com\\\/wp-content\\\/uploads\\\/2024\\\/01\\\/Captura-de-pantalla-2023-11-30-a-las-9.14.16-1.png&quot;}],&quot;background_slideshow_loop&quot;:&quot;yes&quot;,&quot;background_slideshow_slide_duration&quot;:5000,&quot;background_slideshow_slide_transition&quot;:&quot;fade&quot;,&quot;background_slideshow_transition_duration&quot;:500}\">\n\t\t\t\t<div class=\"elementor-element elementor-element-dc18e47 elementor-widget elementor-widget-image\" data-id=\"dc18e47\" data-element_type=\"widget\" data-e-type=\"widget\" data-widget_type=\"image.default\">\n\t\t\t\t<div class=\"elementor-widget-container\">\n\t\t\t\t\t\t\t\t\t\t\t\t\t\t\t<img decoding=\"async\" width=\"968\" height=\"986\" src=\"https:\/\/elcellerdelujan.com\/wp-content\/uploads\/2024\/01\/Captura-de-pantalla-2023-11-30-a-las-9.14.16.png\" class=\"attachment-large size-large wp-image-1633\" alt=\"\" srcset=\"https:\/\/elcellerdelujan.com\/wp-content\/uploads\/2024\/01\/Captura-de-pantalla-2023-11-30-a-las-9.14.16.png 968w, https:\/\/elcellerdelujan.com\/wp-content\/uploads\/2024\/01\/Captura-de-pantalla-2023-11-30-a-las-9.14.16-295x300.png 295w, https:\/\/elcellerdelujan.com\/wp-content\/uploads\/2024\/01\/Captura-de-pantalla-2023-11-30-a-las-9.14.16-768x782.png 768w, https:\/\/elcellerdelujan.com\/wp-content\/uploads\/2024\/01\/Captura-de-pantalla-2023-11-30-a-las-9.14.16-600x611.png 600w\" sizes=\"(max-width: 968px) 100vw, 968px\" \/>\t\t\t\t\t\t\t\t\t\t\t\t\t\t\t<\/div>\n\t\t\t\t<\/div>\n\t\t\t\t<\/div>\n\t\t\t\t\t<\/div>\n\t\t\t\t<\/div>\n\t\t\t\t<\/div>\n\t\t","protected":false},"excerpt":{"rendered":"<p>J\u00f3venes emprendedores del sector vin\u00edcola con experiencia, vocaci\u00f3n y amor por la tierra y los vinos espumosos. Crean en 2016 Duran Galan una marca bajo la que elaboran principalmente Cavas, pero con la premisa de crecer, de estar orientados a la tendencia y nuevas corrientes de consumo, como los vinos sin alcohol o mostos naturales. [&hellip;]<\/p>\n","protected":false},"author":1,"featured_media":0,"parent":0,"menu_order":0,"comment_status":"closed","ping_status":"closed","template":"","meta":{"site-sidebar-layout":"no-sidebar","site-content-layout":"","ast-site-content-layout":"full-width-container","site-content-style":"default","site-sidebar-style":"default","ast-global-header-display":"","ast-banner-title-visibility":"","ast-main-header-display":"","ast-hfb-above-header-display":"","ast-hfb-below-header-display":"","ast-hfb-mobile-header-display":"","site-post-title":"disabled","ast-breadcrumbs-content":"","ast-featured-img":"disabled","footer-sml-layout":"","ast-disable-related-posts":"","theme-transparent-header-meta":"","adv-header-id-meta":"","stick-header-meta":"","header-above-stick-meta":"","header-main-stick-meta":"","header-below-stick-meta":"","astra-migrate-meta-layouts":"default","ast-page-background-enabled":"default","ast-page-background-meta":{"desktop":{"background-color":"var(--ast-global-color-4)","background-image":"","background-repeat":"repeat","background-position":"center center","background-size":"auto","background-attachment":"scroll","background-type":"","background-media":"","overlay-type":"","overlay-color":"","overlay-opacity":"","overlay-gradient":""},"tablet":{"background-color":"","background-image":"","background-repeat":"repeat","background-position":"center center","background-size":"auto","background-attachment":"scroll","background-type":"","background-media":"","overlay-type":"","overlay-color":"","overlay-opacity":"","overlay-gradient":""},"mobile":{"background-color":"","background-image":"","background-repeat":"repeat","background-position":"center center","background-size":"auto","background-attachment":"scroll","background-type":"","background-media":"","overlay-type":"","overlay-color":"","overlay-opacity":"","overlay-gradient":""}},"ast-content-background-meta":{"desktop":{"background-color":"var(--ast-global-color-5)","background-image":"","background-repeat":"repeat","background-position":"center center","background-size":"auto","background-attachment":"scroll","background-type":"","background-media":"","overlay-type":"","overlay-color":"","overlay-opacity":"","overlay-gradient":""},"tablet":{"background-color":"var(--ast-global-color-5)","background-image":"","background-repeat":"repeat","background-position":"center center","background-size":"auto","background-attachment":"scroll","background-type":"","background-media":"","overlay-type":"","overlay-color":"","overlay-opacity":"","overlay-gradient":""},"mobile":{"background-color":"var(--ast-global-color-5)","background-image":"","background-repeat":"repeat","background-position":"center center","background-size":"auto","background-attachment":"scroll","background-type":"","background-media":"","overlay-type":"","overlay-color":"","overlay-opacity":"","overlay-gradient":""}},"footnotes":""},"class_list":["post-809","page","type-page","status-publish","hentry"],"_links":{"self":[{"href":"https:\/\/elcellerdelujan.com\/index.php\/wp-json\/wp\/v2\/pages\/809","targetHints":{"allow":["GET"]}}],"collection":[{"href":"https:\/\/elcellerdelujan.com\/index.php\/wp-json\/wp\/v2\/pages"}],"about":[{"href":"https:\/\/elcellerdelujan.com\/index.php\/wp-json\/wp\/v2\/types\/page"}],"author":[{"embeddable":true,"href":"https:\/\/elcellerdelujan.com\/index.php\/wp-json\/wp\/v2\/users\/1"}],"replies":[{"embeddable":true,"href":"https:\/\/elcellerdelujan.com\/index.php\/wp-json\/wp\/v2\/comments?post=809"}],"version-history":[{"count":36,"href":"https:\/\/elcellerdelujan.com\/index.php\/wp-json\/wp\/v2\/pages\/809\/revisions"}],"predecessor-version":[{"id":2598,"href":"https:\/\/elcellerdelujan.com\/index.php\/wp-json\/wp\/v2\/pages\/809\/revisions\/2598"}],"wp:attachment":[{"href":"https:\/\/elcellerdelujan.com\/index.php\/wp-json\/wp\/v2\/media?parent=809"}],"curies":[{"name":"wp","href":"https:\/\/api.w.org\/{rel}","templated":true}]}}