{"id":818,"date":"2023-11-30T08:31:47","date_gmt":"2023-11-30T08:31:47","guid":{"rendered":"https:\/\/elcellerdelujan.com\/?page_id=818"},"modified":"2024-03-06T16:48:51","modified_gmt":"2024-03-06T16:48:51","slug":"bodega-la-picaraza","status":"publish","type":"page","link":"https:\/\/elcellerdelujan.com\/index.php\/bodega-la-picaraza\/","title":{"rendered":"Bodega La Picaraza"},"content":{"rendered":"\t\t<div data-elementor-type=\"wp-page\" data-elementor-id=\"818\" class=\"elementor elementor-818\">\n\t\t\t\t<div class=\"elementor-element elementor-element-aa7f476 e-flex e-con-boxed e-con e-parent\" data-id=\"aa7f476\" data-element_type=\"container\" data-e-type=\"container\" data-settings=\"{&quot;background_background&quot;:&quot;classic&quot;}\">\n\t\t\t\t\t<div class=\"e-con-inner\">\n\t\t<div class=\"elementor-element elementor-element-90db75c e-flex e-con-boxed e-con e-child\" data-id=\"90db75c\" data-element_type=\"container\" data-e-type=\"container\" data-settings=\"{&quot;background_background&quot;:&quot;slideshow&quot;,&quot;background_slideshow_gallery&quot;:[{&quot;id&quot;:1790,&quot;url&quot;:&quot;https:\\\/\\\/elcellerdelujan.com\\\/wp-content\\\/uploads\\\/2024\\\/01\\\/Captura_de_pantalla_2023-07-27_a_las_10.46.58-removebg-preview-2-1.png&quot;}],&quot;background_slideshow_loop&quot;:&quot;yes&quot;,&quot;background_slideshow_slide_duration&quot;:5000,&quot;background_slideshow_slide_transition&quot;:&quot;fade&quot;,&quot;background_slideshow_transition_duration&quot;:500}\">\n\t\t\t\t\t<div class=\"e-con-inner\">\n\t\t\t\t\t<\/div>\n\t\t\t\t<\/div>\n\t\t\t\t\t<\/div>\n\t\t\t\t<\/div>\n\t\t<div class=\"elementor-element elementor-element-106003b e-flex e-con-boxed e-con e-parent\" data-id=\"106003b\" data-element_type=\"container\" data-e-type=\"container\" data-settings=\"{&quot;background_background&quot;:&quot;classic&quot;}\">\n\t\t\t\t\t<div class=\"e-con-inner\">\n\t\t<div class=\"elementor-element elementor-element-6fecbad e-con-full e-flex e-con e-child\" data-id=\"6fecbad\" data-element_type=\"container\" data-e-type=\"container\">\n\t\t<div class=\"elementor-element elementor-element-8ea8d50 e-flex e-con-boxed e-con e-child\" data-id=\"8ea8d50\" data-element_type=\"container\" data-e-type=\"container\" data-settings=\"{&quot;background_background&quot;:&quot;slideshow&quot;,&quot;background_slideshow_gallery&quot;:[{&quot;id&quot;:1933,&quot;url&quot;:&quot;https:\\\/\\\/elcellerdelujan.com\\\/wp-content\\\/uploads\\\/2024\\\/01\\\/Captura-de-pantalla-2023-11-29-a-las-16.21.49-2.png&quot;}],&quot;background_slideshow_loop&quot;:&quot;yes&quot;,&quot;background_slideshow_slide_duration&quot;:5000,&quot;background_slideshow_slide_transition&quot;:&quot;fade&quot;,&quot;background_slideshow_transition_duration&quot;:500}\">\n\t\t\t\t\t<div class=\"e-con-inner\">\n\t\t\t\t\t<\/div>\n\t\t\t\t<\/div>\n\t\t\t\t<div class=\"elementor-element elementor-element-9ad4fb3 elementor-widget elementor-widget-text-editor\" data-id=\"9ad4fb3\" data-element_type=\"widget\" data-e-type=\"widget\" data-widget_type=\"text-editor.default\">\n\t\t\t\t<div class=\"elementor-widget-container\">\n\t\t\t\t\t\t\t\t\t<h5><span style=\"color: #993300;\"><span class=\"fusion-dropcap dropcap dropcap-boxed\">F<\/span>inca la Picaraza es una bodega familiar que viene elaborando vinos de forma tradicional, generaci\u00f3n tras generaci\u00f3n \u00a0desde su creaci\u00f3n hace m\u00e1s de un siglo hasta la actualidad, siendo una de las bodegas m\u00e1s antiguas de la comarca Utiel-Requena.<\/span><\/h5><h5><span style=\"color: #993300;\">Rodeada por los vi\u00f1edos pertenecientes a la misma, mayoritariamente de la variedad bobal (aut\u00f3ctona de la zona), la bodega utiliza como materia prima las uvas vendimiadas manualmente procedente de los mismos.<\/span><\/h5><h5><span style=\"color: #993300;\">Nuestra motivaci\u00f3n no es la cantidad, sino la calidad. Seleccionamos por lo tanto las mejores uvas provenientes de cepas viejas de bajo rendimiento. El resultado de la uni\u00f3n entre una materia prima con una gran historia y la dedicaci\u00f3n por obtener su m\u00e1xima expresi\u00f3n, es un vino aut\u00e9ntico con una personalidad que no deja indiferent<\/span>e<\/h5>\t\t\t\t\t\t\t\t<\/div>\n\t\t\t\t<\/div>\n\t\t\t\t<\/div>\n\t\t<div class=\"elementor-element elementor-element-c378548 e-con-full e-flex e-con e-child\" data-id=\"c378548\" data-element_type=\"container\" data-e-type=\"container\" data-settings=\"{&quot;background_background&quot;:&quot;slideshow&quot;,&quot;background_slideshow_gallery&quot;:[],&quot;background_slideshow_loop&quot;:&quot;yes&quot;,&quot;background_slideshow_slide_duration&quot;:5000,&quot;background_slideshow_slide_transition&quot;:&quot;fade&quot;,&quot;background_slideshow_transition_duration&quot;:500}\">\n\t\t\t\t<div class=\"elementor-element elementor-element-591654e elementor-widget elementor-widget-image\" data-id=\"591654e\" data-element_type=\"widget\" data-e-type=\"widget\" data-widget_type=\"image.default\">\n\t\t\t\t<div class=\"elementor-widget-container\">\n\t\t\t\t\t\t\t\t\t\t\t\t\t\t\t<img fetchpriority=\"high\" decoding=\"async\" width=\"812\" height=\"536\" src=\"https:\/\/elcellerdelujan.com\/wp-content\/uploads\/2024\/01\/Captura-de-pantalla-2022-01-21-a-las-18.01.42-1.png\" class=\"attachment-large size-large wp-image-1582\" alt=\"\" srcset=\"https:\/\/elcellerdelujan.com\/wp-content\/uploads\/2024\/01\/Captura-de-pantalla-2022-01-21-a-las-18.01.42-1.png 812w, https:\/\/elcellerdelujan.com\/wp-content\/uploads\/2024\/01\/Captura-de-pantalla-2022-01-21-a-las-18.01.42-1-300x198.png 300w, https:\/\/elcellerdelujan.com\/wp-content\/uploads\/2024\/01\/Captura-de-pantalla-2022-01-21-a-las-18.01.42-1-768x507.png 768w, https:\/\/elcellerdelujan.com\/wp-content\/uploads\/2024\/01\/Captura-de-pantalla-2022-01-21-a-las-18.01.42-1-600x396.png 600w\" sizes=\"(max-width: 812px) 100vw, 812px\" \/>\t\t\t\t\t\t\t\t\t\t\t\t\t\t\t<\/div>\n\t\t\t\t<\/div>\n\t\t\t\t<\/div>\n\t\t\t\t\t<\/div>\n\t\t\t\t<\/div>\n\t\t\t\t<\/div>\n\t\t","protected":false},"excerpt":{"rendered":"<p>Finca la Picaraza es una bodega familiar que viene elaborando vinos de forma tradicional, generaci\u00f3n tras generaci\u00f3n \u00a0desde su creaci\u00f3n hace m\u00e1s de un siglo hasta la actualidad, siendo una de las bodegas m\u00e1s antiguas de la comarca Utiel-Requena. Rodeada por los vi\u00f1edos pertenecientes a la misma, mayoritariamente de la variedad bobal (aut\u00f3ctona de la [&hellip;]<\/p>\n","protected":false},"author":1,"featured_media":0,"parent":0,"menu_order":0,"comment_status":"closed","ping_status":"closed","template":"","meta":{"site-sidebar-layout":"no-sidebar","site-content-layout":"","ast-site-content-layout":"full-width-container","site-content-style":"default","site-sidebar-style":"default","ast-global-header-display":"","ast-banner-title-visibility":"","ast-main-header-display":"","ast-hfb-above-header-display":"","ast-hfb-below-header-display":"","ast-hfb-mobile-header-display":"","site-post-title":"disabled","ast-breadcrumbs-content":"","ast-featured-img":"disabled","footer-sml-layout":"","ast-disable-related-posts":"","theme-transparent-header-meta":"","adv-header-id-meta":"","stick-header-meta":"","header-above-stick-meta":"","header-main-stick-meta":"","header-below-stick-meta":"","astra-migrate-meta-layouts":"default","ast-page-background-enabled":"default","ast-page-background-meta":{"desktop":{"background-color":"var(--ast-global-color-4)","background-image":"","background-repeat":"repeat","background-position":"center center","background-size":"auto","background-attachment":"scroll","background-type":"","background-media":"","overlay-type":"","overlay-color":"","overlay-opacity":"","overlay-gradient":""},"tablet":{"background-color":"","background-image":"","background-repeat":"repeat","background-position":"center center","background-size":"auto","background-attachment":"scroll","background-type":"","background-media":"","overlay-type":"","overlay-color":"","overlay-opacity":"","overlay-gradient":""},"mobile":{"background-color":"","background-image":"","background-repeat":"repeat","background-position":"center center","background-size":"auto","background-attachment":"scroll","background-type":"","background-media":"","overlay-type":"","overlay-color":"","overlay-opacity":"","overlay-gradient":""}},"ast-content-background-meta":{"desktop":{"background-color":"var(--ast-global-color-5)","background-image":"","background-repeat":"repeat","background-position":"center center","background-size":"auto","background-attachment":"scroll","background-type":"","background-media":"","overlay-type":"","overlay-color":"","overlay-opacity":"","overlay-gradient":""},"tablet":{"background-color":"var(--ast-global-color-5)","background-image":"","background-repeat":"repeat","background-position":"center center","background-size":"auto","background-attachment":"scroll","background-type":"","background-media":"","overlay-type":"","overlay-color":"","overlay-opacity":"","overlay-gradient":""},"mobile":{"background-color":"var(--ast-global-color-5)","background-image":"","background-repeat":"repeat","background-position":"center center","background-size":"auto","background-attachment":"scroll","background-type":"","background-media":"","overlay-type":"","overlay-color":"","overlay-opacity":"","overlay-gradient":""}},"footnotes":""},"class_list":["post-818","page","type-page","status-publish","hentry"],"_links":{"self":[{"href":"https:\/\/elcellerdelujan.com\/index.php\/wp-json\/wp\/v2\/pages\/818","targetHints":{"allow":["GET"]}}],"collection":[{"href":"https:\/\/elcellerdelujan.com\/index.php\/wp-json\/wp\/v2\/pages"}],"about":[{"href":"https:\/\/elcellerdelujan.com\/index.php\/wp-json\/wp\/v2\/types\/page"}],"author":[{"embeddable":true,"href":"https:\/\/elcellerdelujan.com\/index.php\/wp-json\/wp\/v2\/users\/1"}],"replies":[{"embeddable":true,"href":"https:\/\/elcellerdelujan.com\/index.php\/wp-json\/wp\/v2\/comments?post=818"}],"version-history":[{"count":34,"href":"https:\/\/elcellerdelujan.com\/index.php\/wp-json\/wp\/v2\/pages\/818\/revisions"}],"predecessor-version":[{"id":2583,"href":"https:\/\/elcellerdelujan.com\/index.php\/wp-json\/wp\/v2\/pages\/818\/revisions\/2583"}],"wp:attachment":[{"href":"https:\/\/elcellerdelujan.com\/index.php\/wp-json\/wp\/v2\/media?parent=818"}],"curies":[{"name":"wp","href":"https:\/\/api.w.org\/{rel}","templated":true}]}}