{"id":1286,"date":"2024-01-04T09:49:51","date_gmt":"2024-01-04T09:49:51","guid":{"rendered":"https:\/\/elcellerdelujan.com\/?post_type=product&#038;p=1286"},"modified":"2026-02-02T15:51:14","modified_gmt":"2026-02-02T15:51:14","slug":"chocolate-matices-santo-domingo-70","status":"publish","type":"product","link":"https:\/\/elcellerdelujan.com\/index.php\/producto\/chocolate-matices-santo-domingo-70\/","title":{"rendered":"CHOCOLATE \u201cMATICES\u201d SANTO DOMINGO 70%"},"content":{"rendered":"<p><em>Hemos apostado por una gama de chocolates de alta calidad en la que el chocolate es nuestra materia prima m\u00e1s mimada. La originalidad de los productos es nuestra apuesta para seducirles manteni\u00e9ndonos fieles a la tradici\u00f3n artesanal, aunque incorporando la m\u00e1s avanzadas tecnolog\u00edas para alcanzar un producto de calidad absoluta que satisfaga las necesidades de los m\u00e1s exigentes, sometidos todos a los m\u00e1s exhaustivos controles ya que disponen de la certificaci\u00f3n de producto de calidad de artesan\u00eda alimentaria de Arag\u00f3n.<\/em><\/p>\n","protected":false},"excerpt":{"rendered":"<p><strong><span style=\"color: #ff9900;\">Chocolates artesanos elaborados en nuestro obrador. Chocolate negro 70<\/span>% <\/strong><\/p>\n<p><strong>Peso Neto: 100gr.<\/strong><\/p>\n<p>Ingredientes: Chocolate negro (min. cacao 70%, pasta de cacao Santo Domingo, az\u00facar, manteca de cacao emulgente: lecitina de soja, aroma natural de vainilla).<\/p>\n<p>Al\u00e9rgenos: Soja y productos a base de soja. Leche de vaca y productos derivados .<\/p>\n","protected":false},"featured_media":1873,"comment_status":"open","ping_status":"closed","template":"","meta":{"site-sidebar-layout":"default","site-content-layout":"","ast-site-content-layout":"default","site-content-style":"default","site-sidebar-style":"default","ast-global-header-display":"","ast-banner-title-visibility":"","ast-main-header-display":"","ast-hfb-above-header-display":"","ast-hfb-below-header-display":"","ast-hfb-mobile-header-display":"","site-post-title":"","ast-breadcrumbs-content":"","ast-featured-img":"","footer-sml-layout":"","ast-disable-related-posts":"","theme-transparent-header-meta":"default","adv-header-id-meta":"","stick-header-meta":"","header-above-stick-meta":"","header-main-stick-meta":"","header-below-stick-meta":"","astra-migrate-meta-layouts":"set","ast-page-background-enabled":"default","ast-page-background-meta":{"desktop":{"background-color":"var(--ast-global-color-4)","background-image":"","background-repeat":"repeat","background-position":"center center","background-size":"auto","background-attachment":"scroll","background-type":"","background-media":"","overlay-type":"","overlay-color":"","overlay-opacity":"","overlay-gradient":""},"tablet":{"background-color":"","background-image":"","background-repeat":"repeat","background-position":"center center","background-size":"auto","background-attachment":"scroll","background-type":"","background-media":"","overlay-type":"","overlay-color":"","overlay-opacity":"","overlay-gradient":""},"mobile":{"background-color":"","background-image":"","background-repeat":"repeat","background-position":"center center","background-size":"auto","background-attachment":"scroll","background-type":"","background-media":"","overlay-type":"","overlay-color":"","overlay-opacity":"","overlay-gradient":""}},"ast-content-background-meta":{"desktop":{"background-color":"var(--ast-global-color-5)","background-image":"","background-repeat":"repeat","background-position":"center center","background-size":"auto","background-attachment":"scroll","background-type":"","background-media":"","overlay-type":"","overlay-color":"","overlay-opacity":"","overlay-gradient":""},"tablet":{"background-color":"var(--ast-global-color-5)","background-image":"","background-repeat":"repeat","background-position":"center center","background-size":"auto","background-attachment":"scroll","background-type":"","background-media":"","overlay-type":"","overlay-color":"","overlay-opacity":"","overlay-gradient":""},"mobile":{"background-color":"var(--ast-global-color-5)","background-image":"","background-repeat":"repeat","background-position":"center center","background-size":"auto","background-attachment":"scroll","background-type":"","background-media":"","overlay-type":"","overlay-color":"","overlay-opacity":"","overlay-gradient":""}}},"product_brand":[],"product_cat":[53,26],"product_tag":[],"class_list":{"0":"post-1286","1":"product","2":"type-product","3":"status-publish","4":"has-post-thumbnail","6":"product_cat-chocolate","7":"product_cat-gourmet","8":"desktop-align-left","9":"tablet-align-left","10":"mobile-align-left","12":"first","13":"instock","14":"shipping-taxable","15":"purchasable","16":"product-type-simple"},"_links":{"self":[{"href":"https:\/\/elcellerdelujan.com\/index.php\/wp-json\/wp\/v2\/product\/1286","targetHints":{"allow":["GET"]}}],"collection":[{"href":"https:\/\/elcellerdelujan.com\/index.php\/wp-json\/wp\/v2\/product"}],"about":[{"href":"https:\/\/elcellerdelujan.com\/index.php\/wp-json\/wp\/v2\/types\/product"}],"replies":[{"embeddable":true,"href":"https:\/\/elcellerdelujan.com\/index.php\/wp-json\/wp\/v2\/comments?post=1286"}],"version-history":[{"count":1,"href":"https:\/\/elcellerdelujan.com\/index.php\/wp-json\/wp\/v2\/product\/1286\/revisions"}],"predecessor-version":[{"id":1287,"href":"https:\/\/elcellerdelujan.com\/index.php\/wp-json\/wp\/v2\/product\/1286\/revisions\/1287"}],"wp:featuredmedia":[{"embeddable":true,"href":"https:\/\/elcellerdelujan.com\/index.php\/wp-json\/wp\/v2\/media\/1873"}],"wp:attachment":[{"href":"https:\/\/elcellerdelujan.com\/index.php\/wp-json\/wp\/v2\/media?parent=1286"}],"wp:term":[{"taxonomy":"product_brand","embeddable":true,"href":"https:\/\/elcellerdelujan.com\/index.php\/wp-json\/wp\/v2\/product_brand?post=1286"},{"taxonomy":"product_cat","embeddable":true,"href":"https:\/\/elcellerdelujan.com\/index.php\/wp-json\/wp\/v2\/product_cat?post=1286"},{"taxonomy":"product_tag","embeddable":true,"href":"https:\/\/elcellerdelujan.com\/index.php\/wp-json\/wp\/v2\/product_tag?post=1286"}],"curies":[{"name":"wp","href":"https:\/\/api.w.org\/{rel}","templated":true}]}}