{"id":1298,"date":"2024-01-04T10:03:44","date_gmt":"2024-01-04T10:03:44","guid":{"rendered":"https:\/\/elcellerdelujan.com\/?post_type=product&#038;p=1298"},"modified":"2026-02-02T15:54:04","modified_gmt":"2026-02-02T15:54:04","slug":"chocolate-negro-50-cacao-con-naranja-125-g","status":"publish","type":"product","link":"https:\/\/elcellerdelujan.com\/index.php\/producto\/chocolate-negro-50-cacao-con-naranja-125-g\/","title":{"rendered":"Chocolate negro 50% Cacao con naranja (125 g)"},"content":{"rendered":"<p><strong>Fusi\u00f3n del chocolate negro con naranja<\/strong>: Disfruta del intenso sabor del chocolate negro con el toque afrutado de la naranja. El chocolate negro tiene un m\u00ednimo del 50% de cacao, lo que le da un sabor profundo y un perfil de aroma \u00fanico. La naranja confitada se combina perfectamente con el chocolate, creando una fusi\u00f3n \u00fanica y deliciosa de sabores.<\/p>\n<p><strong>Ingredientes de alta calidad para una experiencia de sabor incomparable<\/strong>: La pasta de cacao, la manteca de cacao y la lecitina de soja se combinan para crear una textura suave. La naranja aporta un sabor equilibrado y rico en matices a la mezcla. Adem\u00e1s, esta tableta de chocolate negro no contiene gluten, lo que la hace perfecta para cualquier persona que quiera disfrutar de un buen chocolate sin preocupaciones.<\/p>\n<p><strong>Un regalo perfecto para los amantes del chocolate y la naranja<\/strong>: El chocolate negro es rico en antioxidantes y beneficioso para la salud, por lo que es una opci\u00f3n de regalo ideal. Adem\u00e1s, la combinaci\u00f3n de chocolate negro y naranja es \u00fanica, gustando a grandes y peque\u00f1os<\/p>\n","protected":false},"excerpt":{"rendered":"<p>Disfruta de la deliciosa combinaci\u00f3n de chocolate negro y naranja. El chocolate tiene un m\u00ednimo del 50% de cacao y una textura suave y cremosa, mientras que la naranja le aporta un toque c\u00edtrico y dulce. Hecho con ingredientes de alta calidad y sin gluten, es un regalo perfecto para los amantes del chocolate y la naranja.<\/p>\n","protected":false},"featured_media":1866,"comment_status":"open","ping_status":"closed","template":"","meta":{"site-sidebar-layout":"default","site-content-layout":"","ast-site-content-layout":"default","site-content-style":"default","site-sidebar-style":"default","ast-global-header-display":"","ast-banner-title-visibility":"","ast-main-header-display":"","ast-hfb-above-header-display":"","ast-hfb-below-header-display":"","ast-hfb-mobile-header-display":"","site-post-title":"","ast-breadcrumbs-content":"","ast-featured-img":"","footer-sml-layout":"","ast-disable-related-posts":"","theme-transparent-header-meta":"default","adv-header-id-meta":"","stick-header-meta":"","header-above-stick-meta":"","header-main-stick-meta":"","header-below-stick-meta":"","astra-migrate-meta-layouts":"set","ast-page-background-enabled":"default","ast-page-background-meta":{"desktop":{"background-color":"var(--ast-global-color-4)","background-image":"","background-repeat":"repeat","background-position":"center center","background-size":"auto","background-attachment":"scroll","background-type":"","background-media":"","overlay-type":"","overlay-color":"","overlay-opacity":"","overlay-gradient":""},"tablet":{"background-color":"","background-image":"","background-repeat":"repeat","background-position":"center center","background-size":"auto","background-attachment":"scroll","background-type":"","background-media":"","overlay-type":"","overlay-color":"","overlay-opacity":"","overlay-gradient":""},"mobile":{"background-color":"","background-image":"","background-repeat":"repeat","background-position":"center center","background-size":"auto","background-attachment":"scroll","background-type":"","background-media":"","overlay-type":"","overlay-color":"","overlay-opacity":"","overlay-gradient":""}},"ast-content-background-meta":{"desktop":{"background-color":"var(--ast-global-color-5)","background-image":"","background-repeat":"repeat","background-position":"center center","background-size":"auto","background-attachment":"scroll","background-type":"","background-media":"","overlay-type":"","overlay-color":"","overlay-opacity":"","overlay-gradient":""},"tablet":{"background-color":"var(--ast-global-color-5)","background-image":"","background-repeat":"repeat","background-position":"center center","background-size":"auto","background-attachment":"scroll","background-type":"","background-media":"","overlay-type":"","overlay-color":"","overlay-opacity":"","overlay-gradient":""},"mobile":{"background-color":"var(--ast-global-color-5)","background-image":"","background-repeat":"repeat","background-position":"center center","background-size":"auto","background-attachment":"scroll","background-type":"","background-media":"","overlay-type":"","overlay-color":"","overlay-opacity":"","overlay-gradient":""}}},"product_brand":[],"product_cat":[53,26],"product_tag":[],"class_list":{"0":"post-1298","1":"product","2":"type-product","3":"status-publish","4":"has-post-thumbnail","6":"product_cat-chocolate","7":"product_cat-gourmet","8":"desktop-align-left","9":"tablet-align-left","10":"mobile-align-left","12":"first","13":"instock","14":"shipping-taxable","15":"purchasable","16":"product-type-simple"},"_links":{"self":[{"href":"https:\/\/elcellerdelujan.com\/index.php\/wp-json\/wp\/v2\/product\/1298","targetHints":{"allow":["GET"]}}],"collection":[{"href":"https:\/\/elcellerdelujan.com\/index.php\/wp-json\/wp\/v2\/product"}],"about":[{"href":"https:\/\/elcellerdelujan.com\/index.php\/wp-json\/wp\/v2\/types\/product"}],"replies":[{"embeddable":true,"href":"https:\/\/elcellerdelujan.com\/index.php\/wp-json\/wp\/v2\/comments?post=1298"}],"version-history":[{"count":1,"href":"https:\/\/elcellerdelujan.com\/index.php\/wp-json\/wp\/v2\/product\/1298\/revisions"}],"predecessor-version":[{"id":1311,"href":"https:\/\/elcellerdelujan.com\/index.php\/wp-json\/wp\/v2\/product\/1298\/revisions\/1311"}],"wp:featuredmedia":[{"embeddable":true,"href":"https:\/\/elcellerdelujan.com\/index.php\/wp-json\/wp\/v2\/media\/1866"}],"wp:attachment":[{"href":"https:\/\/elcellerdelujan.com\/index.php\/wp-json\/wp\/v2\/media?parent=1298"}],"wp:term":[{"taxonomy":"product_brand","embeddable":true,"href":"https:\/\/elcellerdelujan.com\/index.php\/wp-json\/wp\/v2\/product_brand?post=1298"},{"taxonomy":"product_cat","embeddable":true,"href":"https:\/\/elcellerdelujan.com\/index.php\/wp-json\/wp\/v2\/product_cat?post=1298"},{"taxonomy":"product_tag","embeddable":true,"href":"https:\/\/elcellerdelujan.com\/index.php\/wp-json\/wp\/v2\/product_tag?post=1298"}],"curies":[{"name":"wp","href":"https:\/\/api.w.org\/{rel}","templated":true}]}}