{"id":2320,"date":"2024-02-02T10:11:14","date_gmt":"2024-02-02T10:11:14","guid":{"rendered":"https:\/\/elcellerdelujan.com\/?post_type=product&#038;p=2320"},"modified":"2026-02-03T17:33:00","modified_gmt":"2026-02-03T17:33:00","slug":"manzanilla-pasada","status":"publish","type":"product","link":"https:\/\/elcellerdelujan.com\/index.php\/producto\/manzanilla-pasada\/","title":{"rendered":"Manzanilla pasada"},"content":{"rendered":"<p>En ocasiones, las manzanillas son sometidas a per\u00edodos de crianza excepcionalmente prolongados, en los que la flor llega a debilitarse ligeramente, provocando un peque\u00f1o nivel de oxidaci\u00f3n y una mayor complejidad, surgen as\u00ed las \u201cManzanillas Pasadas\u201d. Vinos con m\u00e1s estructura, pero con todo el car\u00e1cter punzante e intenso propio de la crianza biol\u00f3gica.<\/p>\n","protected":false},"excerpt":{"rendered":"<p><strong>Tipo<\/strong>: Vino Fino y seco de crianza biol\u00f3gica, bajo permanente \u201cvelo de flor\u201d.<\/p>\n<p><strong>D.O.<\/strong>: Manzanilla-Sanl\u00facar de Barrameda.<\/p>\n<p><strong>Variedad de uva:<\/strong> Palomino Fino.<\/p>\n<p><strong>Envejecimiento:<\/strong> Din\u00e1mico de criaderas y soleras, en botas de roble americano de 500 l.<\/p>\n<p><strong>Vejez:\u00a0<\/strong>8 a\u00f1os de media, para alcanzar su plenitud y madurez.<\/p>\n<p><strong>Grado Alcoh\u00f3lico:<\/strong> 15, 00 % en volumen.<\/p>\n<p><strong>Capacidad:<\/strong> 75 cl., botella jerezana tradicional.<\/p>\n","protected":false},"featured_media":2316,"comment_status":"open","ping_status":"closed","template":"","meta":{"site-sidebar-layout":"default","site-content-layout":"","ast-site-content-layout":"default","site-content-style":"default","site-sidebar-style":"default","ast-global-header-display":"","ast-banner-title-visibility":"","ast-main-header-display":"","ast-hfb-above-header-display":"","ast-hfb-below-header-display":"","ast-hfb-mobile-header-display":"","site-post-title":"","ast-breadcrumbs-content":"","ast-featured-img":"","footer-sml-layout":"","ast-disable-related-posts":"","theme-transparent-header-meta":"default","adv-header-id-meta":"","stick-header-meta":"","header-above-stick-meta":"","header-main-stick-meta":"","header-below-stick-meta":"","astra-migrate-meta-layouts":"set","ast-page-background-enabled":"default","ast-page-background-meta":{"desktop":{"background-color":"var(--ast-global-color-4)","background-image":"","background-repeat":"repeat","background-position":"center center","background-size":"auto","background-attachment":"scroll","background-type":"","background-media":"","overlay-type":"","overlay-color":"","overlay-opacity":"","overlay-gradient":""},"tablet":{"background-color":"","background-image":"","background-repeat":"repeat","background-position":"center center","background-size":"auto","background-attachment":"scroll","background-type":"","background-media":"","overlay-type":"","overlay-color":"","overlay-opacity":"","overlay-gradient":""},"mobile":{"background-color":"","background-image":"","background-repeat":"repeat","background-position":"center center","background-size":"auto","background-attachment":"scroll","background-type":"","background-media":"","overlay-type":"","overlay-color":"","overlay-opacity":"","overlay-gradient":""}},"ast-content-background-meta":{"desktop":{"background-color":"var(--ast-global-color-5)","background-image":"","background-repeat":"repeat","background-position":"center center","background-size":"auto","background-attachment":"scroll","background-type":"","background-media":"","overlay-type":"","overlay-color":"","overlay-opacity":"","overlay-gradient":""},"tablet":{"background-color":"var(--ast-global-color-5)","background-image":"","background-repeat":"repeat","background-position":"center center","background-size":"auto","background-attachment":"scroll","background-type":"","background-media":"","overlay-type":"","overlay-color":"","overlay-opacity":"","overlay-gradient":""},"mobile":{"background-color":"var(--ast-global-color-5)","background-image":"","background-repeat":"repeat","background-position":"center center","background-size":"auto","background-attachment":"scroll","background-type":"","background-media":"","overlay-type":"","overlay-color":"","overlay-opacity":"","overlay-gradient":""}}},"product_brand":[],"product_cat":[23,54,29],"product_tag":[],"class_list":{"0":"post-2320","1":"product","2":"type-product","3":"status-publish","4":"has-post-thumbnail","6":"product_cat-generosos","7":"product_cat-mar7","8":"product_cat-vinos","9":"desktop-align-left","10":"tablet-align-left","11":"mobile-align-left","13":"first","14":"instock","15":"shipping-taxable","16":"purchasable","17":"product-type-simple"},"_links":{"self":[{"href":"https:\/\/elcellerdelujan.com\/index.php\/wp-json\/wp\/v2\/product\/2320","targetHints":{"allow":["GET"]}}],"collection":[{"href":"https:\/\/elcellerdelujan.com\/index.php\/wp-json\/wp\/v2\/product"}],"about":[{"href":"https:\/\/elcellerdelujan.com\/index.php\/wp-json\/wp\/v2\/types\/product"}],"replies":[{"embeddable":true,"href":"https:\/\/elcellerdelujan.com\/index.php\/wp-json\/wp\/v2\/comments?post=2320"}],"version-history":[{"count":1,"href":"https:\/\/elcellerdelujan.com\/index.php\/wp-json\/wp\/v2\/product\/2320\/revisions"}],"predecessor-version":[{"id":2321,"href":"https:\/\/elcellerdelujan.com\/index.php\/wp-json\/wp\/v2\/product\/2320\/revisions\/2321"}],"wp:featuredmedia":[{"embeddable":true,"href":"https:\/\/elcellerdelujan.com\/index.php\/wp-json\/wp\/v2\/media\/2316"}],"wp:attachment":[{"href":"https:\/\/elcellerdelujan.com\/index.php\/wp-json\/wp\/v2\/media?parent=2320"}],"wp:term":[{"taxonomy":"product_brand","embeddable":true,"href":"https:\/\/elcellerdelujan.com\/index.php\/wp-json\/wp\/v2\/product_brand?post=2320"},{"taxonomy":"product_cat","embeddable":true,"href":"https:\/\/elcellerdelujan.com\/index.php\/wp-json\/wp\/v2\/product_cat?post=2320"},{"taxonomy":"product_tag","embeddable":true,"href":"https:\/\/elcellerdelujan.com\/index.php\/wp-json\/wp\/v2\/product_tag?post=2320"}],"curies":[{"name":"wp","href":"https:\/\/api.w.org\/{rel}","templated":true}]}}