{"id":2322,"date":"2024-02-02T10:13:01","date_gmt":"2024-02-02T10:13:01","guid":{"rendered":"https:\/\/elcellerdelujan.com\/?post_type=product&#038;p=2322"},"modified":"2026-02-03T17:32:46","modified_gmt":"2026-02-03T17:32:46","slug":"amontillado","status":"publish","type":"product","link":"https:\/\/elcellerdelujan.com\/index.php\/producto\/amontillado\/","title":{"rendered":"Amontillado"},"content":{"rendered":"<p>El Amontillado es un vino excepcional, el jerez que mejor a\u00fana car\u00e1cter, finura y, sobre todo, complejidad.<br \/>\nLa calidad de un amontillado depende, en gran medida, del tiempo. Tiempo bajo una escrupulosa y larga crianza bajo velo de flor, determinante para que el vino adquiera (y despu\u00e9s conserve) el car\u00e1cter biol\u00f3gico y la finura tanto en nariz como en boca. Tiempo de crianza oxidativa, fundamental para que el vino integre los diferentes componentes arom\u00e1ticos y el alcohol, y gane en concentraci\u00f3n, profundidad, largura.<\/p>\n","protected":false},"excerpt":{"rendered":"<p><strong>Tipo:<\/strong> Vino de crianza oxidativa procedente de vinos de crianza biol\u00f3gica.<\/p>\n<p><strong>D.O.<\/strong> Jerez-X\u00e8r\u00e9s-Sherry.<\/p>\n<p><strong>Variedad de uva<\/strong>. Palomino Fino.<\/p>\n<p><strong>Envejecimiento:<\/strong> Din\u00e1mico de crianza y cl\u00e1sicos de criaderas y soleras en botas roble americano de 500 litros.<\/p>\n<p><strong>Vejez:<\/strong>\u00a015\u00a0a\u00f1os de vejez media.<\/p>\n<p><strong>Grado Alcoh\u00f3lico:<\/strong> 17,5% en volumen.<\/p>\n<p><strong>Formato:<\/strong> Capacidad 75 cl., botella jerezana tradicional.<\/p>\n","protected":false},"featured_media":2317,"comment_status":"open","ping_status":"closed","template":"","meta":{"site-sidebar-layout":"default","site-content-layout":"","ast-site-content-layout":"default","site-content-style":"default","site-sidebar-style":"default","ast-global-header-display":"","ast-banner-title-visibility":"","ast-main-header-display":"","ast-hfb-above-header-display":"","ast-hfb-below-header-display":"","ast-hfb-mobile-header-display":"","site-post-title":"","ast-breadcrumbs-content":"","ast-featured-img":"","footer-sml-layout":"","ast-disable-related-posts":"","theme-transparent-header-meta":"default","adv-header-id-meta":"","stick-header-meta":"","header-above-stick-meta":"","header-main-stick-meta":"","header-below-stick-meta":"","astra-migrate-meta-layouts":"set","ast-page-background-enabled":"default","ast-page-background-meta":{"desktop":{"background-color":"var(--ast-global-color-4)","background-image":"","background-repeat":"repeat","background-position":"center center","background-size":"auto","background-attachment":"scroll","background-type":"","background-media":"","overlay-type":"","overlay-color":"","overlay-opacity":"","overlay-gradient":""},"tablet":{"background-color":"","background-image":"","background-repeat":"repeat","background-position":"center center","background-size":"auto","background-attachment":"scroll","background-type":"","background-media":"","overlay-type":"","overlay-color":"","overlay-opacity":"","overlay-gradient":""},"mobile":{"background-color":"","background-image":"","background-repeat":"repeat","background-position":"center center","background-size":"auto","background-attachment":"scroll","background-type":"","background-media":"","overlay-type":"","overlay-color":"","overlay-opacity":"","overlay-gradient":""}},"ast-content-background-meta":{"desktop":{"background-color":"var(--ast-global-color-5)","background-image":"","background-repeat":"repeat","background-position":"center center","background-size":"auto","background-attachment":"scroll","background-type":"","background-media":"","overlay-type":"","overlay-color":"","overlay-opacity":"","overlay-gradient":""},"tablet":{"background-color":"var(--ast-global-color-5)","background-image":"","background-repeat":"repeat","background-position":"center center","background-size":"auto","background-attachment":"scroll","background-type":"","background-media":"","overlay-type":"","overlay-color":"","overlay-opacity":"","overlay-gradient":""},"mobile":{"background-color":"var(--ast-global-color-5)","background-image":"","background-repeat":"repeat","background-position":"center center","background-size":"auto","background-attachment":"scroll","background-type":"","background-media":"","overlay-type":"","overlay-color":"","overlay-opacity":"","overlay-gradient":""}}},"product_brand":[],"product_cat":[23,54,29],"product_tag":[],"class_list":{"0":"post-2322","1":"product","2":"type-product","3":"status-publish","4":"has-post-thumbnail","6":"product_cat-generosos","7":"product_cat-mar7","8":"product_cat-vinos","9":"desktop-align-left","10":"tablet-align-left","11":"mobile-align-left","13":"first","14":"instock","15":"shipping-taxable","16":"purchasable","17":"product-type-simple"},"_links":{"self":[{"href":"https:\/\/elcellerdelujan.com\/index.php\/wp-json\/wp\/v2\/product\/2322","targetHints":{"allow":["GET"]}}],"collection":[{"href":"https:\/\/elcellerdelujan.com\/index.php\/wp-json\/wp\/v2\/product"}],"about":[{"href":"https:\/\/elcellerdelujan.com\/index.php\/wp-json\/wp\/v2\/types\/product"}],"replies":[{"embeddable":true,"href":"https:\/\/elcellerdelujan.com\/index.php\/wp-json\/wp\/v2\/comments?post=2322"}],"version-history":[{"count":1,"href":"https:\/\/elcellerdelujan.com\/index.php\/wp-json\/wp\/v2\/product\/2322\/revisions"}],"predecessor-version":[{"id":2323,"href":"https:\/\/elcellerdelujan.com\/index.php\/wp-json\/wp\/v2\/product\/2322\/revisions\/2323"}],"wp:featuredmedia":[{"embeddable":true,"href":"https:\/\/elcellerdelujan.com\/index.php\/wp-json\/wp\/v2\/media\/2317"}],"wp:attachment":[{"href":"https:\/\/elcellerdelujan.com\/index.php\/wp-json\/wp\/v2\/media?parent=2322"}],"wp:term":[{"taxonomy":"product_brand","embeddable":true,"href":"https:\/\/elcellerdelujan.com\/index.php\/wp-json\/wp\/v2\/product_brand?post=2322"},{"taxonomy":"product_cat","embeddable":true,"href":"https:\/\/elcellerdelujan.com\/index.php\/wp-json\/wp\/v2\/product_cat?post=2322"},{"taxonomy":"product_tag","embeddable":true,"href":"https:\/\/elcellerdelujan.com\/index.php\/wp-json\/wp\/v2\/product_tag?post=2322"}],"curies":[{"name":"wp","href":"https:\/\/api.w.org\/{rel}","templated":true}]}}