{"id":2324,"date":"2024-02-02T10:15:15","date_gmt":"2024-02-02T10:15:15","guid":{"rendered":"https:\/\/elcellerdelujan.com\/?post_type=product&#038;p=2324"},"modified":"2026-02-03T23:27:49","modified_gmt":"2026-02-03T23:27:49","slug":"oloroso","status":"publish","type":"product","link":"https:\/\/elcellerdelujan.com\/index.php\/producto\/oloroso\/","title":{"rendered":"Oloroso"},"content":{"rendered":"<p>El Oloroso es un vino \u201cvocacional\u201d; la especial estructura que muestra desde un principio, aconseja su clasificaci\u00f3n con destino a crianza oxidativa. El encabezamiento inicial a 17 grados, impide el desarrollo del velo de flor, por lo que el vino envejece expuesto a la lenta acci\u00f3n del ox\u00edgeno.<br \/>\nLa lenta p\u00e9rdida de agua a trav\u00e9s de las paredes de la bota, propicia un continuo proceso de concentraci\u00f3n, que hace que el vino vaya ganando en estructura, suavidad y complejidad, al tiempo que alcanza mayor graduaci\u00f3n alcoh\u00f3lica.<\/p>\n","protected":false},"excerpt":{"rendered":"<p><strong>Tipo:<\/strong> Vino Oloroso Seco de crianza oxidativa.<\/p>\n<p><strong>DO.<\/strong> Jerez-X\u00e8r\u00e9s-Sherry.<\/p>\n<p><strong>Variedad de uva<\/strong>. Palomino Fino.<\/p>\n<p><strong>Envejecimiento:<\/strong> Din\u00e1mico de crianza y cl\u00e1sicos de criaderas y soleras en botas roble americano de 500 litros.<\/p>\n<p><strong>Vejez:\u00a0<\/strong>12-14 a\u00f1os de media.<\/p>\n<p><strong>Grado Alcoh\u00f3lico:<\/strong> 17,5% en volumen.<\/p>\n<p><strong>Formatos: <\/strong>Capacidad 75 cl. Botella Jerezana tradicional<\/p>\n","protected":false},"featured_media":2318,"comment_status":"open","ping_status":"closed","template":"","meta":{"site-sidebar-layout":"default","site-content-layout":"","ast-site-content-layout":"default","site-content-style":"default","site-sidebar-style":"default","ast-global-header-display":"","ast-banner-title-visibility":"","ast-main-header-display":"","ast-hfb-above-header-display":"","ast-hfb-below-header-display":"","ast-hfb-mobile-header-display":"","site-post-title":"","ast-breadcrumbs-content":"","ast-featured-img":"","footer-sml-layout":"","ast-disable-related-posts":"","theme-transparent-header-meta":"default","adv-header-id-meta":"","stick-header-meta":"","header-above-stick-meta":"","header-main-stick-meta":"","header-below-stick-meta":"","astra-migrate-meta-layouts":"set","ast-page-background-enabled":"default","ast-page-background-meta":{"desktop":{"background-color":"var(--ast-global-color-4)","background-image":"","background-repeat":"repeat","background-position":"center center","background-size":"auto","background-attachment":"scroll","background-type":"","background-media":"","overlay-type":"","overlay-color":"","overlay-opacity":"","overlay-gradient":""},"tablet":{"background-color":"","background-image":"","background-repeat":"repeat","background-position":"center center","background-size":"auto","background-attachment":"scroll","background-type":"","background-media":"","overlay-type":"","overlay-color":"","overlay-opacity":"","overlay-gradient":""},"mobile":{"background-color":"","background-image":"","background-repeat":"repeat","background-position":"center center","background-size":"auto","background-attachment":"scroll","background-type":"","background-media":"","overlay-type":"","overlay-color":"","overlay-opacity":"","overlay-gradient":""}},"ast-content-background-meta":{"desktop":{"background-color":"var(--ast-global-color-5)","background-image":"","background-repeat":"repeat","background-position":"center center","background-size":"auto","background-attachment":"scroll","background-type":"","background-media":"","overlay-type":"","overlay-color":"","overlay-opacity":"","overlay-gradient":""},"tablet":{"background-color":"var(--ast-global-color-5)","background-image":"","background-repeat":"repeat","background-position":"center center","background-size":"auto","background-attachment":"scroll","background-type":"","background-media":"","overlay-type":"","overlay-color":"","overlay-opacity":"","overlay-gradient":""},"mobile":{"background-color":"var(--ast-global-color-5)","background-image":"","background-repeat":"repeat","background-position":"center center","background-size":"auto","background-attachment":"scroll","background-type":"","background-media":"","overlay-type":"","overlay-color":"","overlay-opacity":"","overlay-gradient":""}}},"product_brand":[],"product_cat":[23,54,29],"product_tag":[],"class_list":{"0":"post-2324","1":"product","2":"type-product","3":"status-publish","4":"has-post-thumbnail","6":"product_cat-generosos","7":"product_cat-mar7","8":"product_cat-vinos","9":"product_shipping_class-peso","10":"desktop-align-left","11":"tablet-align-left","12":"mobile-align-left","14":"first","15":"instock","16":"shipping-taxable","17":"purchasable","18":"product-type-simple"},"_links":{"self":[{"href":"https:\/\/elcellerdelujan.com\/index.php\/wp-json\/wp\/v2\/product\/2324","targetHints":{"allow":["GET"]}}],"collection":[{"href":"https:\/\/elcellerdelujan.com\/index.php\/wp-json\/wp\/v2\/product"}],"about":[{"href":"https:\/\/elcellerdelujan.com\/index.php\/wp-json\/wp\/v2\/types\/product"}],"replies":[{"embeddable":true,"href":"https:\/\/elcellerdelujan.com\/index.php\/wp-json\/wp\/v2\/comments?post=2324"}],"version-history":[{"count":1,"href":"https:\/\/elcellerdelujan.com\/index.php\/wp-json\/wp\/v2\/product\/2324\/revisions"}],"predecessor-version":[{"id":2325,"href":"https:\/\/elcellerdelujan.com\/index.php\/wp-json\/wp\/v2\/product\/2324\/revisions\/2325"}],"wp:featuredmedia":[{"embeddable":true,"href":"https:\/\/elcellerdelujan.com\/index.php\/wp-json\/wp\/v2\/media\/2318"}],"wp:attachment":[{"href":"https:\/\/elcellerdelujan.com\/index.php\/wp-json\/wp\/v2\/media?parent=2324"}],"wp:term":[{"taxonomy":"product_brand","embeddable":true,"href":"https:\/\/elcellerdelujan.com\/index.php\/wp-json\/wp\/v2\/product_brand?post=2324"},{"taxonomy":"product_cat","embeddable":true,"href":"https:\/\/elcellerdelujan.com\/index.php\/wp-json\/wp\/v2\/product_cat?post=2324"},{"taxonomy":"product_tag","embeddable":true,"href":"https:\/\/elcellerdelujan.com\/index.php\/wp-json\/wp\/v2\/product_tag?post=2324"}],"curies":[{"name":"wp","href":"https:\/\/api.w.org\/{rel}","templated":true}]}}