{"id":2326,"date":"2024-02-02T10:17:32","date_gmt":"2024-02-02T10:17:32","guid":{"rendered":"https:\/\/elcellerdelujan.com\/?post_type=product&#038;p=2326"},"modified":"2026-02-03T23:27:39","modified_gmt":"2026-02-03T23:27:39","slug":"pedro-ximenez","status":"publish","type":"product","link":"https:\/\/elcellerdelujan.com\/index.php\/producto\/pedro-ximenez\/","title":{"rendered":"Pedro Ximenez"},"content":{"rendered":"<p>El Pedro Xim\u00e9nez es un vino dulce con origen en las regiones vin\u00edcolas andaluzas del Marco de Jerez, Montilla-Moriles y M\u00e1laga.<br \/>\nSu combinaci\u00f3n con oloroso, nos permite obtener otros dos vinos; \u201cMedium\u201d y \u201cCream\u201d.<br \/>\nProbablemente, sea el vino m\u00e1s dulce que podamos encontrar en el mundo, sin embargo, su complejidad arom\u00e1tica y de sabores hace que resulte fresco y arm\u00f3nico en boca, pues el proceso natural de pasificaci\u00f3n mediante el \u201casoleo\u201d concentra los az\u00facares pero tambi\u00e9n la acidez natural de la uva.<\/p>\n","protected":false},"excerpt":{"rendered":"<p><strong>Tipo:<\/strong> Vino Pedro Xim\u00e9nez de crianza natural.<\/p>\n<p><strong>DO:<\/strong> Jerez-X\u00e9r\u00e8s-Sherry.<\/p>\n<p><strong>Variedad de uva.<\/strong> Pedro xim\u00e9nez.<\/p>\n<p><strong>Envejecimiento:<\/strong> Din\u00e1mico de crianza y cl\u00e1sicos de criaderas y soleras en botas roble americano de 500 litros.<\/p>\n<p><strong>Vejez:<\/strong> 12-14 a\u00f1os de media.<\/p>\n<p><strong>Grado Alcoh\u00f3lico:<\/strong>\u00a017,50% en volumen.<\/p>\n<p><strong>Capacidad:<\/strong> 75 cl. Botella jerezana tradicional<\/p>\n","protected":false},"featured_media":2319,"comment_status":"open","ping_status":"closed","template":"","meta":{"site-sidebar-layout":"default","site-content-layout":"","ast-site-content-layout":"default","site-content-style":"default","site-sidebar-style":"default","ast-global-header-display":"","ast-banner-title-visibility":"","ast-main-header-display":"","ast-hfb-above-header-display":"","ast-hfb-below-header-display":"","ast-hfb-mobile-header-display":"","site-post-title":"","ast-breadcrumbs-content":"","ast-featured-img":"","footer-sml-layout":"","ast-disable-related-posts":"","theme-transparent-header-meta":"default","adv-header-id-meta":"","stick-header-meta":"","header-above-stick-meta":"","header-main-stick-meta":"","header-below-stick-meta":"","astra-migrate-meta-layouts":"set","ast-page-background-enabled":"default","ast-page-background-meta":{"desktop":{"background-color":"var(--ast-global-color-4)","background-image":"","background-repeat":"repeat","background-position":"center center","background-size":"auto","background-attachment":"scroll","background-type":"","background-media":"","overlay-type":"","overlay-color":"","overlay-opacity":"","overlay-gradient":""},"tablet":{"background-color":"","background-image":"","background-repeat":"repeat","background-position":"center center","background-size":"auto","background-attachment":"scroll","background-type":"","background-media":"","overlay-type":"","overlay-color":"","overlay-opacity":"","overlay-gradient":""},"mobile":{"background-color":"","background-image":"","background-repeat":"repeat","background-position":"center center","background-size":"auto","background-attachment":"scroll","background-type":"","background-media":"","overlay-type":"","overlay-color":"","overlay-opacity":"","overlay-gradient":""}},"ast-content-background-meta":{"desktop":{"background-color":"var(--ast-global-color-5)","background-image":"","background-repeat":"repeat","background-position":"center center","background-size":"auto","background-attachment":"scroll","background-type":"","background-media":"","overlay-type":"","overlay-color":"","overlay-opacity":"","overlay-gradient":""},"tablet":{"background-color":"var(--ast-global-color-5)","background-image":"","background-repeat":"repeat","background-position":"center center","background-size":"auto","background-attachment":"scroll","background-type":"","background-media":"","overlay-type":"","overlay-color":"","overlay-opacity":"","overlay-gradient":""},"mobile":{"background-color":"var(--ast-global-color-5)","background-image":"","background-repeat":"repeat","background-position":"center center","background-size":"auto","background-attachment":"scroll","background-type":"","background-media":"","overlay-type":"","overlay-color":"","overlay-opacity":"","overlay-gradient":""}}},"product_brand":[],"product_cat":[23,54,29],"product_tag":[],"class_list":{"0":"post-2326","1":"product","2":"type-product","3":"status-publish","4":"has-post-thumbnail","6":"product_cat-generosos","7":"product_cat-mar7","8":"product_cat-vinos","9":"product_shipping_class-peso","10":"desktop-align-left","11":"tablet-align-left","12":"mobile-align-left","14":"first","15":"instock","16":"shipping-taxable","17":"purchasable","18":"product-type-simple"},"_links":{"self":[{"href":"https:\/\/elcellerdelujan.com\/index.php\/wp-json\/wp\/v2\/product\/2326","targetHints":{"allow":["GET"]}}],"collection":[{"href":"https:\/\/elcellerdelujan.com\/index.php\/wp-json\/wp\/v2\/product"}],"about":[{"href":"https:\/\/elcellerdelujan.com\/index.php\/wp-json\/wp\/v2\/types\/product"}],"replies":[{"embeddable":true,"href":"https:\/\/elcellerdelujan.com\/index.php\/wp-json\/wp\/v2\/comments?post=2326"}],"version-history":[{"count":1,"href":"https:\/\/elcellerdelujan.com\/index.php\/wp-json\/wp\/v2\/product\/2326\/revisions"}],"predecessor-version":[{"id":2327,"href":"https:\/\/elcellerdelujan.com\/index.php\/wp-json\/wp\/v2\/product\/2326\/revisions\/2327"}],"wp:featuredmedia":[{"embeddable":true,"href":"https:\/\/elcellerdelujan.com\/index.php\/wp-json\/wp\/v2\/media\/2319"}],"wp:attachment":[{"href":"https:\/\/elcellerdelujan.com\/index.php\/wp-json\/wp\/v2\/media?parent=2326"}],"wp:term":[{"taxonomy":"product_brand","embeddable":true,"href":"https:\/\/elcellerdelujan.com\/index.php\/wp-json\/wp\/v2\/product_brand?post=2326"},{"taxonomy":"product_cat","embeddable":true,"href":"https:\/\/elcellerdelujan.com\/index.php\/wp-json\/wp\/v2\/product_cat?post=2326"},{"taxonomy":"product_tag","embeddable":true,"href":"https:\/\/elcellerdelujan.com\/index.php\/wp-json\/wp\/v2\/product_tag?post=2326"}],"curies":[{"name":"wp","href":"https:\/\/api.w.org\/{rel}","templated":true}]}}