{"id":2346,"date":"2024-02-06T10:49:21","date_gmt":"2024-02-06T10:49:21","guid":{"rendered":"https:\/\/elcellerdelujan.com\/?post_type=product&#038;p=2346"},"modified":"2026-02-03T17:31:27","modified_gmt":"2026-02-03T17:31:27","slug":"caja-6-bombones-afrutados","status":"publish","type":"product","link":"https:\/\/elcellerdelujan.com\/index.php\/producto\/caja-6-bombones-afrutados\/","title":{"rendered":"CAJA 6 BOMBONES AFRUTADOS"},"content":{"rendered":"<p>Nuestros bombones est\u00e1n elaborados artesanalmente para crear una experiencia \u00fanica de texturas y sabores, con una gama atractiva en las que se mezclan recetas y forma tradicionales con productos innovadores. Cada ocasi\u00f3n es especial, tambi\u00e9n nuestros bombones se distinguen por sus rellenos a base de cobertura de chocolate negro, leche o blanca, pulpas de fruta, cremas, alcoholes y aromas diversos consiguiendo unas combinaciones sorprendentes.<\/p>\n<p>&nbsp;<\/p>\n<p>La caracter\u00edstica de nuestros bombones es, que est\u00e1n pintados a mano, por lo que no hay dos iguales, cada uno es un placer y se saborea sin l\u00edmite.<\/p>\n","protected":false},"excerpt":{"rendered":"<p><strong>Bombones artesanos elaborados en nuestro obrador.<\/strong><\/p>\n<p><strong>Peso Neto: 48gr.<\/strong><\/p>\n<p>Ingredientes: Cobertura de chocolate negro, Chocolate con leche y Chocolate blanco (Az\u00facar, Cacao, manteca de cacao, leche en polvo, lecitina de soja, glucosa), nata UHT, mermelada de albaricoque, arandanos, fresas, moras, mermelada de pi\u00f1a, naranja confitada, lim\u00f3n natural, coco confitado, aromas concentrados (cointreau y limoncello), aromas y aceites esenciales (naranja, lima, pi\u00f1a y jenjibre), rojo E-120, amarillo E-100, azul E-133, blanco E-171 y colorantes alimenticios.<\/p>\n<p>Al\u00e9rgenos: Soja, almendra y leche. Apto para celiacos.<\/p>\n<p><strong>SIN GLUTEN<\/strong><\/p>\n","protected":false},"featured_media":2344,"comment_status":"open","ping_status":"closed","template":"","meta":{"site-sidebar-layout":"default","site-content-layout":"","ast-site-content-layout":"default","site-content-style":"default","site-sidebar-style":"default","ast-global-header-display":"","ast-banner-title-visibility":"","ast-main-header-display":"","ast-hfb-above-header-display":"","ast-hfb-below-header-display":"","ast-hfb-mobile-header-display":"","site-post-title":"","ast-breadcrumbs-content":"","ast-featured-img":"","footer-sml-layout":"","ast-disable-related-posts":"","theme-transparent-header-meta":"default","adv-header-id-meta":"","stick-header-meta":"","header-above-stick-meta":"","header-main-stick-meta":"","header-below-stick-meta":"","astra-migrate-meta-layouts":"set","ast-page-background-enabled":"default","ast-page-background-meta":{"desktop":{"background-color":"var(--ast-global-color-4)","background-image":"","background-repeat":"repeat","background-position":"center center","background-size":"auto","background-attachment":"scroll","background-type":"","background-media":"","overlay-type":"","overlay-color":"","overlay-opacity":"","overlay-gradient":""},"tablet":{"background-color":"","background-image":"","background-repeat":"repeat","background-position":"center center","background-size":"auto","background-attachment":"scroll","background-type":"","background-media":"","overlay-type":"","overlay-color":"","overlay-opacity":"","overlay-gradient":""},"mobile":{"background-color":"","background-image":"","background-repeat":"repeat","background-position":"center center","background-size":"auto","background-attachment":"scroll","background-type":"","background-media":"","overlay-type":"","overlay-color":"","overlay-opacity":"","overlay-gradient":""}},"ast-content-background-meta":{"desktop":{"background-color":"var(--ast-global-color-5)","background-image":"","background-repeat":"repeat","background-position":"center center","background-size":"auto","background-attachment":"scroll","background-type":"","background-media":"","overlay-type":"","overlay-color":"","overlay-opacity":"","overlay-gradient":""},"tablet":{"background-color":"var(--ast-global-color-5)","background-image":"","background-repeat":"repeat","background-position":"center center","background-size":"auto","background-attachment":"scroll","background-type":"","background-media":"","overlay-type":"","overlay-color":"","overlay-opacity":"","overlay-gradient":""},"mobile":{"background-color":"var(--ast-global-color-5)","background-image":"","background-repeat":"repeat","background-position":"center center","background-size":"auto","background-attachment":"scroll","background-type":"","background-media":"","overlay-type":"","overlay-color":"","overlay-opacity":"","overlay-gradient":""}}},"product_brand":[],"product_cat":[53,26],"product_tag":[],"class_list":{"0":"post-2346","1":"product","2":"type-product","3":"status-publish","4":"has-post-thumbnail","6":"product_cat-chocolate","7":"product_cat-gourmet","8":"desktop-align-left","9":"tablet-align-left","10":"mobile-align-left","12":"first","13":"instock","14":"shipping-taxable","15":"purchasable","16":"product-type-simple"},"_links":{"self":[{"href":"https:\/\/elcellerdelujan.com\/index.php\/wp-json\/wp\/v2\/product\/2346","targetHints":{"allow":["GET"]}}],"collection":[{"href":"https:\/\/elcellerdelujan.com\/index.php\/wp-json\/wp\/v2\/product"}],"about":[{"href":"https:\/\/elcellerdelujan.com\/index.php\/wp-json\/wp\/v2\/types\/product"}],"replies":[{"embeddable":true,"href":"https:\/\/elcellerdelujan.com\/index.php\/wp-json\/wp\/v2\/comments?post=2346"}],"version-history":[{"count":1,"href":"https:\/\/elcellerdelujan.com\/index.php\/wp-json\/wp\/v2\/product\/2346\/revisions"}],"predecessor-version":[{"id":2348,"href":"https:\/\/elcellerdelujan.com\/index.php\/wp-json\/wp\/v2\/product\/2346\/revisions\/2348"}],"wp:featuredmedia":[{"embeddable":true,"href":"https:\/\/elcellerdelujan.com\/index.php\/wp-json\/wp\/v2\/media\/2344"}],"wp:attachment":[{"href":"https:\/\/elcellerdelujan.com\/index.php\/wp-json\/wp\/v2\/media?parent=2346"}],"wp:term":[{"taxonomy":"product_brand","embeddable":true,"href":"https:\/\/elcellerdelujan.com\/index.php\/wp-json\/wp\/v2\/product_brand?post=2346"},{"taxonomy":"product_cat","embeddable":true,"href":"https:\/\/elcellerdelujan.com\/index.php\/wp-json\/wp\/v2\/product_cat?post=2346"},{"taxonomy":"product_tag","embeddable":true,"href":"https:\/\/elcellerdelujan.com\/index.php\/wp-json\/wp\/v2\/product_tag?post=2346"}],"curies":[{"name":"wp","href":"https:\/\/api.w.org\/{rel}","templated":true}]}}