{"id":2486,"date":"2024-02-14T10:25:08","date_gmt":"2024-02-14T10:25:08","guid":{"rendered":"https:\/\/elcellerdelujan.com\/?post_type=product&#038;p=2486"},"modified":"2024-02-14T10:25:08","modified_gmt":"2024-02-14T10:25:08","slug":"aceite-de-oliva-virgen-extra-monovarietal-empeltre-500-ml","status":"publish","type":"product","link":"https:\/\/elcellerdelujan.com\/index.php\/producto\/aceite-de-oliva-virgen-extra-monovarietal-empeltre-500-ml\/","title":{"rendered":"Aceite de Oliva Virgen Extra Monovarietal Empeltre 500 ml"},"content":{"rendered":"<table width=\"100%\">\n<tbody>\n<tr>\n<td><b>La variedad<\/b><\/p>\n<p>Una de las m\u00e1s variedades m\u00e1s antiguas de la Pen\u00ednsula Ib\u00e9rica. Forma parte de nuestra historia habiendo sido incluso \u00e1rbol de la corona de Arag\u00f3n. Aceite de incluido en la Denominaci\u00f3n de Origen del Bajo Arag\u00f3n. <strong>Premio Mejor Aceite del Bajo Arag\u00f3n 2020.<\/strong><\/td>\n<\/tr>\n<tr>\n<td><b>Atm\u00f3sfera olfativa<\/b><\/p>\n<p>Un perfume con notas frescas de car\u00e1cter afrutado, con vivos despuntes a verde hierba, tomate e hinojo.<\/td>\n<\/tr>\n<tr>\n<td><b>Sabor<\/b><\/p>\n<p>En boca tiene un paso fluido, destacando un dulzor sobre un amargo y un t\u00edmido picante. Encontramos tambi\u00e9n sabores a frutos secos como la nuez y la almendra.<\/td>\n<\/tr>\n<\/tbody>\n<\/table>\n","protected":false},"excerpt":{"rendered":"<h4><span style=\"color: #ff9900;\"><b>Premiado Mejor Aceite del Bajo Arag\u00f3n 2020 y 2022<\/b><\/span><\/h4>\n<h4><\/h4>\n<p>Aceite de oliva virgen extra, procedente de olivos centenarios en proceso de recuperaci\u00f3n de la variedad Empeltre.<\/p>\n<p>Certificado por la Denominaci\u00f3n de Origen Protegida del Bajo Arag\u00f3n.<\/p>\n<p>Embotellado de forma manual en la almazara Triple S (Social, Sostenible y Solidaria) de Apadrinaunolivo.org.<\/p>\n<p>Dise\u00f1o sostenible para facilitar reciclaje de vidrio y etiqueta.<\/p>\n<p>&nbsp;<\/p>\n","protected":false},"featured_media":2485,"comment_status":"open","ping_status":"closed","template":"","meta":{"site-sidebar-layout":"default","site-content-layout":"","ast-site-content-layout":"default","site-content-style":"default","site-sidebar-style":"default","ast-global-header-display":"","ast-banner-title-visibility":"","ast-main-header-display":"","ast-hfb-above-header-display":"","ast-hfb-below-header-display":"","ast-hfb-mobile-header-display":"","site-post-title":"","ast-breadcrumbs-content":"","ast-featured-img":"","footer-sml-layout":"","ast-disable-related-posts":"","theme-transparent-header-meta":"default","adv-header-id-meta":"","stick-header-meta":"","header-above-stick-meta":"","header-main-stick-meta":"","header-below-stick-meta":"","astra-migrate-meta-layouts":"set","ast-page-background-enabled":"default","ast-page-background-meta":{"desktop":{"background-color":"var(--ast-global-color-4)","background-image":"","background-repeat":"repeat","background-position":"center center","background-size":"auto","background-attachment":"scroll","background-type":"","background-media":"","overlay-type":"","overlay-color":"","overlay-opacity":"","overlay-gradient":""},"tablet":{"background-color":"","background-image":"","background-repeat":"repeat","background-position":"center center","background-size":"auto","background-attachment":"scroll","background-type":"","background-media":"","overlay-type":"","overlay-color":"","overlay-opacity":"","overlay-gradient":""},"mobile":{"background-color":"","background-image":"","background-repeat":"repeat","background-position":"center center","background-size":"auto","background-attachment":"scroll","background-type":"","background-media":"","overlay-type":"","overlay-color":"","overlay-opacity":"","overlay-gradient":""}},"ast-content-background-meta":{"desktop":{"background-color":"var(--ast-global-color-5)","background-image":"","background-repeat":"repeat","background-position":"center center","background-size":"auto","background-attachment":"scroll","background-type":"","background-media":"","overlay-type":"","overlay-color":"","overlay-opacity":"","overlay-gradient":""},"tablet":{"background-color":"var(--ast-global-color-5)","background-image":"","background-repeat":"repeat","background-position":"center center","background-size":"auto","background-attachment":"scroll","background-type":"","background-media":"","overlay-type":"","overlay-color":"","overlay-opacity":"","overlay-gradient":""},"mobile":{"background-color":"var(--ast-global-color-5)","background-image":"","background-repeat":"repeat","background-position":"center center","background-size":"auto","background-attachment":"scroll","background-type":"","background-media":"","overlay-type":"","overlay-color":"","overlay-opacity":"","overlay-gradient":""}}},"product_brand":[],"product_cat":[55,26],"product_tag":[],"class_list":{"0":"post-2486","1":"product","2":"type-product","3":"status-publish","4":"has-post-thumbnail","6":"product_cat-aceites","7":"product_cat-gourmet","8":"desktop-align-left","9":"tablet-align-left","10":"mobile-align-left","12":"first","13":"instock","14":"shipping-taxable","15":"purchasable","16":"product-type-simple"},"_links":{"self":[{"href":"https:\/\/elcellerdelujan.com\/index.php\/wp-json\/wp\/v2\/product\/2486","targetHints":{"allow":["GET"]}}],"collection":[{"href":"https:\/\/elcellerdelujan.com\/index.php\/wp-json\/wp\/v2\/product"}],"about":[{"href":"https:\/\/elcellerdelujan.com\/index.php\/wp-json\/wp\/v2\/types\/product"}],"replies":[{"embeddable":true,"href":"https:\/\/elcellerdelujan.com\/index.php\/wp-json\/wp\/v2\/comments?post=2486"}],"version-history":[{"count":1,"href":"https:\/\/elcellerdelujan.com\/index.php\/wp-json\/wp\/v2\/product\/2486\/revisions"}],"predecessor-version":[{"id":2487,"href":"https:\/\/elcellerdelujan.com\/index.php\/wp-json\/wp\/v2\/product\/2486\/revisions\/2487"}],"wp:featuredmedia":[{"embeddable":true,"href":"https:\/\/elcellerdelujan.com\/index.php\/wp-json\/wp\/v2\/media\/2485"}],"wp:attachment":[{"href":"https:\/\/elcellerdelujan.com\/index.php\/wp-json\/wp\/v2\/media?parent=2486"}],"wp:term":[{"taxonomy":"product_brand","embeddable":true,"href":"https:\/\/elcellerdelujan.com\/index.php\/wp-json\/wp\/v2\/product_brand?post=2486"},{"taxonomy":"product_cat","embeddable":true,"href":"https:\/\/elcellerdelujan.com\/index.php\/wp-json\/wp\/v2\/product_cat?post=2486"},{"taxonomy":"product_tag","embeddable":true,"href":"https:\/\/elcellerdelujan.com\/index.php\/wp-json\/wp\/v2\/product_tag?post=2486"}],"curies":[{"name":"wp","href":"https:\/\/api.w.org\/{rel}","templated":true}]}}