{"id":2489,"date":"2024-02-14T16:05:55","date_gmt":"2024-02-14T16:05:55","guid":{"rendered":"https:\/\/elcellerdelujan.com\/?post_type=product&#038;p=2489"},"modified":"2024-02-14T16:09:29","modified_gmt":"2024-02-14T16:09:29","slug":"las-virtudes-100-changlot-real-500ml","status":"publish","type":"product","link":"https:\/\/elcellerdelujan.com\/index.php\/producto\/las-virtudes-100-changlot-real-500ml\/","title":{"rendered":"LAS VIRTUDES 100% CHANGLOT REAL 500ML"},"content":{"rendered":"<p class=\"cvGsUA direction-ltr align-start para-style-body\"><span class=\"OYPEnA text-decoration-none text-strikethrough-none\">Esta variedad Alicantina es apreciada por el elevado contenido en aceite en sus frutos y su capacidad de adaptaci\u00f3n a suelos desfavorables.<\/span><\/p>\n<p class=\"cvGsUA direction-ltr align-start para-style-body\"><span class=\"OYPEnA text-decoration-none text-strikethrough-none\">Debido a su curiosa forma fructificar (las aceitunas forman peque\u00f1os racimos), recibe el nombre de \u201cChanglot\u201d, que significa \u201cporci\u00f3n de racimo de uvas\u201d. La tradici\u00f3n del Changlot Real se ha mantenido a lo largo de los a\u00f1os gracias a su calidad e importancia, y es que destaca por su uso vers\u00e1til en la cocina, que junto con los beneficios que aporta a la salud, se convierte en una joya gastron\u00f3mica para los amantes de la buena comida.<\/span><\/p>\n<p class=\"cvGsUA direction-ltr align-start para-style-body\"><span class=\"OYPEnA text-decoration-none text-strikethrough-none\">Su calidad se origina en el campo mediante una combinaci\u00f3n \u00fanica de factores: clima, suelo, variedad y t\u00e9cnicas de cultivo. Proveniente de las primeras aceitunas de la temporada, recolectadas en nuestras mejores parcelas de la variedad.<\/span><\/p>\n<p class=\"cvGsUA direction-ltr align-start para-style-body\"><span class=\"OYPEnA text-decoration-none text-strikethrough-none\">Te presentamos un aceite con un aroma fresco, limpio y suave, que te transportar\u00e1 a los frutados maduros, a pesar de haber sido elaborado con aceitunas verdes o entre verdes y maduras de la variedad.<\/span><\/p>\n<p class=\"cvGsUA direction-ltr align-start para-style-body\"><span class=\"OYPEnA text-decoration-none text-strikethrough-none\">Al probarlo, experimentar\u00e1s una entrada en boca que cobra presencia y personalidad, llenando tu paladar con el distintivo verdor caracter\u00edstico gracias a su amargor. La persistencia se intensifica con el picante tard\u00edo, creando una experiencia sensorial profunda. Este aceite se revela claramente mejor en boca que en nariz, invit\u00e1ndote a explorar y disfrutar cada matiz.<\/span><\/p>\n","protected":false},"excerpt":{"rendered":"<p class=\"cvGsUA direction-ltr align-start para-style-body\"><span class=\"OYPEnA text-decoration-none text-strikethrough-none\">Esta variedad Alicantina es apreciada por el elevado contenido en aceite en sus frutos y su capacidad de adaptaci\u00f3n a suelos desfavorables.<\/span><\/p>\n<p class=\"cvGsUA direction-ltr align-start para-style-body\"><span class=\"OYPEnA text-decoration-none text-strikethrough-none\">Debido a su curiosa forma fructificar (las aceitunas forman peque\u00f1os racimos), recibe el nombre de \u201cChanglot\u201d, que significa \u201cporci\u00f3n de racimo de uvas\u201d. La tradici\u00f3n del Changlot Real se ha mantenido a lo largo de los a\u00f1os gracias a su calidad e importancia, y es que destaca por su uso vers\u00e1til en la cocina, que junto con los beneficios que aporta a la salud, se convierte en una joya gastron\u00f3mica para los amantes de la buena comida.<\/span><\/p>\n<p class=\"cvGsUA direction-ltr align-start para-style-body\"><span class=\"OYPEnA text-decoration-none text-strikethrough-none\">Su calidad se origina en el campo mediante una combinaci\u00f3n \u00fanica de factores: clima, suelo, variedad y t\u00e9cnicas de cultivo. Proveniente de las primeras aceitunas de la temporada, recolectadas en nuestras mejores parcelas de la variedad.<\/span><\/p>\n<p class=\"cvGsUA direction-ltr align-start para-style-body\">\n<p class=\"cvGsUA direction-ltr align-start para-style-body\">\n","protected":false},"featured_media":2488,"comment_status":"open","ping_status":"closed","template":"","meta":{"site-sidebar-layout":"default","site-content-layout":"","ast-site-content-layout":"default","site-content-style":"default","site-sidebar-style":"default","ast-global-header-display":"","ast-banner-title-visibility":"","ast-main-header-display":"","ast-hfb-above-header-display":"","ast-hfb-below-header-display":"","ast-hfb-mobile-header-display":"","site-post-title":"","ast-breadcrumbs-content":"","ast-featured-img":"","footer-sml-layout":"","ast-disable-related-posts":"","theme-transparent-header-meta":"default","adv-header-id-meta":"","stick-header-meta":"","header-above-stick-meta":"","header-main-stick-meta":"","header-below-stick-meta":"","astra-migrate-meta-layouts":"set","ast-page-background-enabled":"default","ast-page-background-meta":{"desktop":{"background-color":"var(--ast-global-color-4)","background-image":"","background-repeat":"repeat","background-position":"center center","background-size":"auto","background-attachment":"scroll","background-type":"","background-media":"","overlay-type":"","overlay-color":"","overlay-opacity":"","overlay-gradient":""},"tablet":{"background-color":"","background-image":"","background-repeat":"repeat","background-position":"center center","background-size":"auto","background-attachment":"scroll","background-type":"","background-media":"","overlay-type":"","overlay-color":"","overlay-opacity":"","overlay-gradient":""},"mobile":{"background-color":"","background-image":"","background-repeat":"repeat","background-position":"center center","background-size":"auto","background-attachment":"scroll","background-type":"","background-media":"","overlay-type":"","overlay-color":"","overlay-opacity":"","overlay-gradient":""}},"ast-content-background-meta":{"desktop":{"background-color":"var(--ast-global-color-5)","background-image":"","background-repeat":"repeat","background-position":"center center","background-size":"auto","background-attachment":"scroll","background-type":"","background-media":"","overlay-type":"","overlay-color":"","overlay-opacity":"","overlay-gradient":""},"tablet":{"background-color":"var(--ast-global-color-5)","background-image":"","background-repeat":"repeat","background-position":"center center","background-size":"auto","background-attachment":"scroll","background-type":"","background-media":"","overlay-type":"","overlay-color":"","overlay-opacity":"","overlay-gradient":""},"mobile":{"background-color":"var(--ast-global-color-5)","background-image":"","background-repeat":"repeat","background-position":"center center","background-size":"auto","background-attachment":"scroll","background-type":"","background-media":"","overlay-type":"","overlay-color":"","overlay-opacity":"","overlay-gradient":""}}},"product_brand":[],"product_cat":[55,26],"product_tag":[],"class_list":{"0":"post-2489","1":"product","2":"type-product","3":"status-publish","4":"has-post-thumbnail","6":"product_cat-aceites","7":"product_cat-gourmet","8":"desktop-align-left","9":"tablet-align-left","10":"mobile-align-left","12":"first","13":"instock","14":"shipping-taxable","15":"purchasable","16":"product-type-simple"},"_links":{"self":[{"href":"https:\/\/elcellerdelujan.com\/index.php\/wp-json\/wp\/v2\/product\/2489","targetHints":{"allow":["GET"]}}],"collection":[{"href":"https:\/\/elcellerdelujan.com\/index.php\/wp-json\/wp\/v2\/product"}],"about":[{"href":"https:\/\/elcellerdelujan.com\/index.php\/wp-json\/wp\/v2\/types\/product"}],"replies":[{"embeddable":true,"href":"https:\/\/elcellerdelujan.com\/index.php\/wp-json\/wp\/v2\/comments?post=2489"}],"version-history":[{"count":3,"href":"https:\/\/elcellerdelujan.com\/index.php\/wp-json\/wp\/v2\/product\/2489\/revisions"}],"predecessor-version":[{"id":2492,"href":"https:\/\/elcellerdelujan.com\/index.php\/wp-json\/wp\/v2\/product\/2489\/revisions\/2492"}],"wp:featuredmedia":[{"embeddable":true,"href":"https:\/\/elcellerdelujan.com\/index.php\/wp-json\/wp\/v2\/media\/2488"}],"wp:attachment":[{"href":"https:\/\/elcellerdelujan.com\/index.php\/wp-json\/wp\/v2\/media?parent=2489"}],"wp:term":[{"taxonomy":"product_brand","embeddable":true,"href":"https:\/\/elcellerdelujan.com\/index.php\/wp-json\/wp\/v2\/product_brand?post=2489"},{"taxonomy":"product_cat","embeddable":true,"href":"https:\/\/elcellerdelujan.com\/index.php\/wp-json\/wp\/v2\/product_cat?post=2489"},{"taxonomy":"product_tag","embeddable":true,"href":"https:\/\/elcellerdelujan.com\/index.php\/wp-json\/wp\/v2\/product_tag?post=2489"}],"curies":[{"name":"wp","href":"https:\/\/api.w.org\/{rel}","templated":true}]}}