{"id":3188,"date":"2026-03-27T11:54:48","date_gmt":"2026-03-27T11:54:48","guid":{"rendered":"https:\/\/elcellerdelujan.com\/?post_type=product&#038;p=3188"},"modified":"2026-03-27T12:00:21","modified_gmt":"2026-03-27T12:00:21","slug":"dona-rosario","status":"publish","type":"product","link":"https:\/\/elcellerdelujan.com\/index.php\/producto\/dona-rosario\/","title":{"rendered":"Do\u00f1a Rosario"},"content":{"rendered":"<h6>Do\u00f1a Rosario es una conservera ubicada en la R\u00eda de Arousa y especializada en las <strong>conservas de Mejill\u00f3n de Galicia DOP<\/strong>, procedente de sus propias bateas.<\/h6>\n<h6>Elabora mejillones en escabeche seleccionando a mano las piezas de mayor tama\u00f1o y mejor aspecto, eligiendo \u00abuno entre 10.000\u00bb para asegurar la m\u00e1xima calidad y sabor.<\/h6>\n<h6>Su respeto por la tradici\u00f3n y la excelencia nos permite disfrutar de unas conservas excepcionales, de producci\u00f3n limitada.<\/h6>\n","protected":false},"excerpt":{"rendered":"<div class=\"elementor-element elementor-element-3216da7 e-con-full e-flex e-con e-child\" data-id=\"3216da7\" data-element_type=\"container\" data-e-type=\"container\">\n<div class=\"elementor-element elementor-element-8317b6c elementor-widget elementor-widget-woocommerce-product-title elementor-page-title elementor-widget-heading\" data-id=\"8317b6c\" data-element_type=\"widget\" data-e-type=\"widget\" data-dr-anim=\"clip-to-right\" data-widget_type=\"woocommerce-product-title.default\">\n<div class=\"elementor-widget-container\">\n<h1 class=\"product_title entry-title elementor-heading-title elementor-size-default\">Lata de 6\/8<\/h1>\n<\/div>\n<\/div>\n<\/div>\n<div class=\"elementor-element elementor-element-fdfe17d elementor-widget elementor-widget-woocommerce-product-short-description\" data-id=\"fdfe17d\" data-element_type=\"widget\" data-e-type=\"widget\" data-widget_type=\"woocommerce-product-short-description.default\">\n<div class=\"elementor-widget-container\">\n<div class=\"woocommerce-product-details__short-description\">\n<h6>Como aperitivo o entrante. En una cena o en una comida. Abrir una lata de 6\/8 piezas de Mejillones Do\u00f1a Rosario sorprender\u00e1 a sus invitados. Por el sabor y la presencia de un mejill\u00f3n \u00fanico. Distinto. El coraz\u00f3n de la r\u00eda de Arousa en su mesa<\/h6>\n<\/div>\n<\/div>\n<\/div>\n","protected":false},"featured_media":3192,"comment_status":"open","ping_status":"closed","template":"","meta":{"site-sidebar-layout":"default","site-content-layout":"","ast-site-content-layout":"default","site-content-style":"default","site-sidebar-style":"default","ast-global-header-display":"","ast-banner-title-visibility":"","ast-main-header-display":"","ast-hfb-above-header-display":"","ast-hfb-below-header-display":"","ast-hfb-mobile-header-display":"","site-post-title":"","ast-breadcrumbs-content":"","ast-featured-img":"","footer-sml-layout":"","ast-disable-related-posts":"","theme-transparent-header-meta":"default","adv-header-id-meta":"","stick-header-meta":"","header-above-stick-meta":"","header-main-stick-meta":"","header-below-stick-meta":"","astra-migrate-meta-layouts":"set","ast-page-background-enabled":"default","ast-page-background-meta":{"desktop":{"background-color":"var(--ast-global-color-4)","background-image":"","background-repeat":"repeat","background-position":"center center","background-size":"auto","background-attachment":"scroll","background-type":"","background-media":"","overlay-type":"","overlay-color":"","overlay-opacity":"","overlay-gradient":""},"tablet":{"background-color":"","background-image":"","background-repeat":"repeat","background-position":"center center","background-size":"auto","background-attachment":"scroll","background-type":"","background-media":"","overlay-type":"","overlay-color":"","overlay-opacity":"","overlay-gradient":""},"mobile":{"background-color":"","background-image":"","background-repeat":"repeat","background-position":"center center","background-size":"auto","background-attachment":"scroll","background-type":"","background-media":"","overlay-type":"","overlay-color":"","overlay-opacity":"","overlay-gradient":""}},"ast-content-background-meta":{"desktop":{"background-color":"var(--ast-global-color-5)","background-image":"","background-repeat":"repeat","background-position":"center center","background-size":"auto","background-attachment":"scroll","background-type":"","background-media":"","overlay-type":"","overlay-color":"","overlay-opacity":"","overlay-gradient":""},"tablet":{"background-color":"var(--ast-global-color-5)","background-image":"","background-repeat":"repeat","background-position":"center center","background-size":"auto","background-attachment":"scroll","background-type":"","background-media":"","overlay-type":"","overlay-color":"","overlay-opacity":"","overlay-gradient":""},"mobile":{"background-color":"var(--ast-global-color-5)","background-image":"","background-repeat":"repeat","background-position":"center center","background-size":"auto","background-attachment":"scroll","background-type":"","background-media":"","overlay-type":"","overlay-color":"","overlay-opacity":"","overlay-gradient":""}}},"product_brand":[],"product_cat":[45,43],"product_tag":[],"class_list":{"0":"post-3188","1":"product","2":"type-product","3":"status-publish","4":"has-post-thumbnail","6":"product_cat-conservas","7":"product_cat-conservas-del-mar","8":"desktop-align-left","9":"tablet-align-left","10":"mobile-align-left","12":"first","13":"instock","14":"shipping-taxable","15":"purchasable","16":"product-type-simple"},"_links":{"self":[{"href":"https:\/\/elcellerdelujan.com\/index.php\/wp-json\/wp\/v2\/product\/3188","targetHints":{"allow":["GET"]}}],"collection":[{"href":"https:\/\/elcellerdelujan.com\/index.php\/wp-json\/wp\/v2\/product"}],"about":[{"href":"https:\/\/elcellerdelujan.com\/index.php\/wp-json\/wp\/v2\/types\/product"}],"replies":[{"embeddable":true,"href":"https:\/\/elcellerdelujan.com\/index.php\/wp-json\/wp\/v2\/comments?post=3188"}],"version-history":[{"count":1,"href":"https:\/\/elcellerdelujan.com\/index.php\/wp-json\/wp\/v2\/product\/3188\/revisions"}],"predecessor-version":[{"id":3191,"href":"https:\/\/elcellerdelujan.com\/index.php\/wp-json\/wp\/v2\/product\/3188\/revisions\/3191"}],"wp:featuredmedia":[{"embeddable":true,"href":"https:\/\/elcellerdelujan.com\/index.php\/wp-json\/wp\/v2\/media\/3192"}],"wp:attachment":[{"href":"https:\/\/elcellerdelujan.com\/index.php\/wp-json\/wp\/v2\/media?parent=3188"}],"wp:term":[{"taxonomy":"product_brand","embeddable":true,"href":"https:\/\/elcellerdelujan.com\/index.php\/wp-json\/wp\/v2\/product_brand?post=3188"},{"taxonomy":"product_cat","embeddable":true,"href":"https:\/\/elcellerdelujan.com\/index.php\/wp-json\/wp\/v2\/product_cat?post=3188"},{"taxonomy":"product_tag","embeddable":true,"href":"https:\/\/elcellerdelujan.com\/index.php\/wp-json\/wp\/v2\/product_tag?post=3188"}],"curies":[{"name":"wp","href":"https:\/\/api.w.org\/{rel}","templated":true}]}}