{"id":629,"date":"2023-11-27T11:43:40","date_gmt":"2023-11-27T11:43:40","guid":{"rendered":"https:\/\/elcellerdelujan.com\/?post_type=product&#038;p=629"},"modified":"2024-01-28T12:13:14","modified_gmt":"2024-01-28T12:13:14","slug":"pate-de-puerro-en-aove","status":"publish","type":"product","link":"https:\/\/elcellerdelujan.com\/index.php\/producto\/pate-de-puerro-en-aove\/","title":{"rendered":"Pat\u00e9 de Puerro en AOVE"},"content":{"rendered":"<p>Son muchas las opciones con las que combinar estos pat\u00e9s. Para dipear con chips vegetales o el cl\u00e1sico canap\u00e9, untando en una tostada de pan y un hilo de aceite de oliva virgen extra.<\/p>\n<p>Otras ideas con algo m\u00e1s de elaboraci\u00f3n es utilizarlos como una crema para el interior de las empanadas o bocadillos. Tambi\u00e9n, se puede usar como salsa para la pasta.<\/p>\n","protected":false},"excerpt":{"rendered":"<p>Los pat\u00e9s nos proponen otros formatos y texturas para disfrutar de nuestros vegetales. Los puerros que no gozan del calibre para poder sen embotados en las conservas se trabajan de manera artesanal a la brasa, se trituran y sin aditivos ni conservantes, s\u00f3lo con el mejor aceite de oliva virgen extra de Mi Olivo, damos creaci\u00f3n a esta maravilla para compartir en buena compa\u00f1\u00eda.<\/p>\n<p>Tarro de pat\u00e9 de puerro asado a la le\u00f1a de olivo con un peso neto de 150g<\/p>\n<p>&nbsp;<\/p>\n<p>&nbsp;<\/p>\n<p>&nbsp;<\/p>\n<p>&nbsp;<\/p>\n","protected":false},"featured_media":1990,"comment_status":"open","ping_status":"closed","template":"","meta":{"site-sidebar-layout":"default","site-content-layout":"","ast-site-content-layout":"default","site-content-style":"default","site-sidebar-style":"default","ast-global-header-display":"","ast-banner-title-visibility":"","ast-main-header-display":"","ast-hfb-above-header-display":"","ast-hfb-below-header-display":"","ast-hfb-mobile-header-display":"","site-post-title":"","ast-breadcrumbs-content":"","ast-featured-img":"","footer-sml-layout":"","ast-disable-related-posts":"","theme-transparent-header-meta":"default","adv-header-id-meta":"","stick-header-meta":"","header-above-stick-meta":"","header-main-stick-meta":"","header-below-stick-meta":"","astra-migrate-meta-layouts":"set","ast-page-background-enabled":"default","ast-page-background-meta":{"desktop":{"background-color":"var(--ast-global-color-4)","background-image":"","background-repeat":"repeat","background-position":"center center","background-size":"auto","background-attachment":"scroll","background-type":"","background-media":"","overlay-type":"","overlay-color":"","overlay-opacity":"","overlay-gradient":""},"tablet":{"background-color":"","background-image":"","background-repeat":"repeat","background-position":"center center","background-size":"auto","background-attachment":"scroll","background-type":"","background-media":"","overlay-type":"","overlay-color":"","overlay-opacity":"","overlay-gradient":""},"mobile":{"background-color":"","background-image":"","background-repeat":"repeat","background-position":"center center","background-size":"auto","background-attachment":"scroll","background-type":"","background-media":"","overlay-type":"","overlay-color":"","overlay-opacity":"","overlay-gradient":""}},"ast-content-background-meta":{"desktop":{"background-color":"var(--ast-global-color-5)","background-image":"","background-repeat":"repeat","background-position":"center center","background-size":"auto","background-attachment":"scroll","background-type":"","background-media":"","overlay-type":"","overlay-color":"","overlay-opacity":"","overlay-gradient":""},"tablet":{"background-color":"var(--ast-global-color-5)","background-image":"","background-repeat":"repeat","background-position":"center center","background-size":"auto","background-attachment":"scroll","background-type":"","background-media":"","overlay-type":"","overlay-color":"","overlay-opacity":"","overlay-gradient":""},"mobile":{"background-color":"var(--ast-global-color-5)","background-image":"","background-repeat":"repeat","background-position":"center center","background-size":"auto","background-attachment":"scroll","background-type":"","background-media":"","overlay-type":"","overlay-color":"","overlay-opacity":"","overlay-gradient":""}}},"product_brand":[],"product_cat":[45,44],"product_tag":[],"class_list":{"0":"post-629","1":"product","2":"type-product","3":"status-publish","4":"has-post-thumbnail","6":"product_cat-conservas","7":"product_cat-conservas-vegetales","8":"desktop-align-left","9":"tablet-align-left","10":"mobile-align-left","12":"first","13":"instock","14":"shipping-taxable","15":"purchasable","16":"product-type-simple"},"_links":{"self":[{"href":"https:\/\/elcellerdelujan.com\/index.php\/wp-json\/wp\/v2\/product\/629","targetHints":{"allow":["GET"]}}],"collection":[{"href":"https:\/\/elcellerdelujan.com\/index.php\/wp-json\/wp\/v2\/product"}],"about":[{"href":"https:\/\/elcellerdelujan.com\/index.php\/wp-json\/wp\/v2\/types\/product"}],"replies":[{"embeddable":true,"href":"https:\/\/elcellerdelujan.com\/index.php\/wp-json\/wp\/v2\/comments?post=629"}],"version-history":[{"count":1,"href":"https:\/\/elcellerdelujan.com\/index.php\/wp-json\/wp\/v2\/product\/629\/revisions"}],"predecessor-version":[{"id":630,"href":"https:\/\/elcellerdelujan.com\/index.php\/wp-json\/wp\/v2\/product\/629\/revisions\/630"}],"wp:featuredmedia":[{"embeddable":true,"href":"https:\/\/elcellerdelujan.com\/index.php\/wp-json\/wp\/v2\/media\/1990"}],"wp:attachment":[{"href":"https:\/\/elcellerdelujan.com\/index.php\/wp-json\/wp\/v2\/media?parent=629"}],"wp:term":[{"taxonomy":"product_brand","embeddable":true,"href":"https:\/\/elcellerdelujan.com\/index.php\/wp-json\/wp\/v2\/product_brand?post=629"},{"taxonomy":"product_cat","embeddable":true,"href":"https:\/\/elcellerdelujan.com\/index.php\/wp-json\/wp\/v2\/product_cat?post=629"},{"taxonomy":"product_tag","embeddable":true,"href":"https:\/\/elcellerdelujan.com\/index.php\/wp-json\/wp\/v2\/product_tag?post=629"}],"curies":[{"name":"wp","href":"https:\/\/api.w.org\/{rel}","templated":true}]}}