{"id":699,"date":"2023-11-28T09:33:37","date_gmt":"2023-11-28T09:33:37","guid":{"rendered":"https:\/\/elcellerdelujan.com\/?post_type=product&#038;p=699"},"modified":"2026-03-27T09:36:14","modified_gmt":"2026-03-27T09:36:14","slug":"mos-de-bresca-mel-ecologica-de-penyagolosa","status":"publish","type":"product","link":"https:\/\/elcellerdelujan.com\/index.php\/producto\/mos-de-bresca-mel-ecologica-de-penyagolosa\/","title":{"rendered":"Penyagolosa 2025-Ecol\u00f2gica"},"content":{"rendered":"<h6 data-start=\"109\" data-end=\"300\">Mieles recolectadas en el entorno del <strong data-start=\"147\" data-end=\"162\">Penyagolosa<\/strong>, el macizo m\u00e1s emblem\u00e1tico del interior de Castell\u00f3n, donde la altitud y el clima de monta\u00f1a favorecen una flora silvestre excepcional.<\/h6>\n<h6 data-start=\"302\" data-end=\"493\">Las abejas liban el n\u00e9ctar de <strong data-start=\"332\" data-end=\"369\">romero, tomillo, espliego y brezo<\/strong>, dando origen a una miel intensa y arom\u00e1tica, reflejo aut\u00e9ntico del paisaje monta\u00f1oso y mediterr\u00e1neo del Alto Maestrazgo<\/h6>\n","protected":false},"excerpt":{"rendered":"<h6><\/h6>\n<h6><em>Producida a m\u00e1s de 1. 530 metros de altitud. Al borde del pico y del Barranco de la Pegunta. Una microreserva de flora \u00fanica en Espa\u00f1a. Miel de todo el a\u00f1o, producida entre Mayo y Octubre<\/em><\/h6>\n<h3 class=\"elementor-heading-title elementor-size-default\">400g<\/h3>\n<h6><span style=\"color: #ffcc00;\">PARQUES NATURALES<\/span><\/h6>\n<p>&nbsp;<\/p>\n","protected":false},"featured_media":3158,"comment_status":"open","ping_status":"closed","template":"","meta":{"site-sidebar-layout":"default","site-content-layout":"","ast-site-content-layout":"default","site-content-style":"default","site-sidebar-style":"default","ast-global-header-display":"","ast-banner-title-visibility":"","ast-main-header-display":"","ast-hfb-above-header-display":"","ast-hfb-below-header-display":"","ast-hfb-mobile-header-display":"","site-post-title":"","ast-breadcrumbs-content":"","ast-featured-img":"","footer-sml-layout":"","ast-disable-related-posts":"","theme-transparent-header-meta":"default","adv-header-id-meta":"","stick-header-meta":"","header-above-stick-meta":"","header-main-stick-meta":"","header-below-stick-meta":"","astra-migrate-meta-layouts":"set","ast-page-background-enabled":"default","ast-page-background-meta":{"desktop":{"background-color":"var(--ast-global-color-4)","background-image":"","background-repeat":"repeat","background-position":"center center","background-size":"auto","background-attachment":"scroll","background-type":"","background-media":"","overlay-type":"","overlay-color":"","overlay-opacity":"","overlay-gradient":""},"tablet":{"background-color":"","background-image":"","background-repeat":"repeat","background-position":"center center","background-size":"auto","background-attachment":"scroll","background-type":"","background-media":"","overlay-type":"","overlay-color":"","overlay-opacity":"","overlay-gradient":""},"mobile":{"background-color":"","background-image":"","background-repeat":"repeat","background-position":"center center","background-size":"auto","background-attachment":"scroll","background-type":"","background-media":"","overlay-type":"","overlay-color":"","overlay-opacity":"","overlay-gradient":""}},"ast-content-background-meta":{"desktop":{"background-color":"var(--ast-global-color-5)","background-image":"","background-repeat":"repeat","background-position":"center center","background-size":"auto","background-attachment":"scroll","background-type":"","background-media":"","overlay-type":"","overlay-color":"","overlay-opacity":"","overlay-gradient":""},"tablet":{"background-color":"var(--ast-global-color-5)","background-image":"","background-repeat":"repeat","background-position":"center center","background-size":"auto","background-attachment":"scroll","background-type":"","background-media":"","overlay-type":"","overlay-color":"","overlay-opacity":"","overlay-gradient":""},"mobile":{"background-color":"var(--ast-global-color-5)","background-image":"","background-repeat":"repeat","background-position":"center center","background-size":"auto","background-attachment":"scroll","background-type":"","background-media":"","overlay-type":"","overlay-color":"","overlay-opacity":"","overlay-gradient":""}}},"product_brand":[],"product_cat":[26,46],"product_tag":[],"class_list":{"0":"post-699","1":"product","2":"type-product","3":"status-publish","4":"has-post-thumbnail","6":"product_cat-gourmet","7":"product_cat-miel","8":"desktop-align-left","9":"tablet-align-left","10":"mobile-align-left","12":"first","13":"instock","14":"shipping-taxable","15":"purchasable","16":"product-type-simple"},"_links":{"self":[{"href":"https:\/\/elcellerdelujan.com\/index.php\/wp-json\/wp\/v2\/product\/699","targetHints":{"allow":["GET"]}}],"collection":[{"href":"https:\/\/elcellerdelujan.com\/index.php\/wp-json\/wp\/v2\/product"}],"about":[{"href":"https:\/\/elcellerdelujan.com\/index.php\/wp-json\/wp\/v2\/types\/product"}],"replies":[{"embeddable":true,"href":"https:\/\/elcellerdelujan.com\/index.php\/wp-json\/wp\/v2\/comments?post=699"}],"version-history":[{"count":9,"href":"https:\/\/elcellerdelujan.com\/index.php\/wp-json\/wp\/v2\/product\/699\/revisions"}],"predecessor-version":[{"id":3171,"href":"https:\/\/elcellerdelujan.com\/index.php\/wp-json\/wp\/v2\/product\/699\/revisions\/3171"}],"wp:featuredmedia":[{"embeddable":true,"href":"https:\/\/elcellerdelujan.com\/index.php\/wp-json\/wp\/v2\/media\/3158"}],"wp:attachment":[{"href":"https:\/\/elcellerdelujan.com\/index.php\/wp-json\/wp\/v2\/media?parent=699"}],"wp:term":[{"taxonomy":"product_brand","embeddable":true,"href":"https:\/\/elcellerdelujan.com\/index.php\/wp-json\/wp\/v2\/product_brand?post=699"},{"taxonomy":"product_cat","embeddable":true,"href":"https:\/\/elcellerdelujan.com\/index.php\/wp-json\/wp\/v2\/product_cat?post=699"},{"taxonomy":"product_tag","embeddable":true,"href":"https:\/\/elcellerdelujan.com\/index.php\/wp-json\/wp\/v2\/product_tag?post=699"}],"curies":[{"name":"wp","href":"https:\/\/api.w.org\/{rel}","templated":true}]}}